{"id":1318,"date":"2025-02-07T15:31:12","date_gmt":"2025-02-07T21:31:12","guid":{"rendered":"https:\/\/www.frioexpress.com\/site\/?page_id=1318"},"modified":"2025-02-07T15:44:05","modified_gmt":"2025-02-07T21:44:05","slug":"rutasegura","status":"publish","type":"page","link":"https:\/\/www.frioexpress.com\/site\/rutasegura\/","title":{"rendered":"Bienvenido al Centro de Ayuda Mi Ruta Segura Frio Express"},"content":{"rendered":"<p>[vc_row][vc_column width=&#8221;1\/4&#8243;][\/vc_column][vc_column width=&#8221;1\/2&#8243;][vc_column_text el_id=&#8221;ID_173896456767a67e5718b03&#8243;]<\/p>\n<h2 style=\"text-align: center;\">Bienvenido al Centro de Ayuda<br \/>\nMi Ruta Segura Frio Express<\/h2>\n<p>[\/vc_column_text][\/vc_column][vc_column width=&#8221;1\/4&#8243;][\/vc_column][\/vc_row][vc_row][vc_column][vc_empty_space][\/vc_column][\/vc_row][vc_row][vc_column][vc_column_text google_fonts=&#8221;font_family:Averia%20Sans%20Libre%3A300%2C300italic%2Cregular%2Citalic%2C700%2C700italic|font_style:700%20bold%20regular%3A700%3Anormal&#8221; el_id=&#8221;ID_173896460767a67e7f12044&#8243; font_container=&#8221;font_size:17|color:%23063c58|line_height:20px&#8221;]<\/p>\n<p style=\"text-align: center;\"><strong><br \/>\nPara iniciar sigue los siguientes pasos:<\/strong><\/p>\n<p style=\"text-align: center;\"><strong><br \/>\n<\/strong>1. Buscar la aplicaci\u00f3n como &#8220;Mi Ruta Segura Frio Express&#8221;<br \/>\n2. Da clic en descargar<br \/>\n3. Se descargar\u00e1 contenido adicional para proporcional una mejor experiencia<br \/>\n(podr\u00eda tardar algunos minutos)<br \/>\n4. Una vez iniciada, te pedir\u00e1 tu n\u00famero celular y una contrase\u00f1a (Recursos<br \/>\nHumanos te proporcionar\u00e1 tu contrase\u00f1a)<br \/>\n5. Las instrucciones te ser\u00e1n indicadas conforme avances de nivel<br \/>\n6. \u00a1DISFRUTA LA APLICACI\u00d3N!<\/p>\n<p style=\"text-align: center;\"><strong>Niveles<\/strong><br \/>\nNIVEL 1: Trayecto ideal<br \/>\nNIVEL 2: Manejo defensivo<br \/>\nNIVEL 3: CTPAT y OEA<\/p>\n<p style=\"text-align: center;\"><strong>Datos relevantes<\/strong><br \/>\nLa aplicaci\u00f3n contiene informaci\u00f3n sobre cuestiones emocionales y reforzamiento<br \/>\nde temas de capacitaci\u00f3n.<\/p>\n<p style=\"text-align: center;\"><strong>Recomendaciones<br \/>\n<\/strong>&#8211; \u00a1NO JUGAR MIENTRAS MANEJE! Aproveche descansos en casa.<br \/>\n&#8211; OPERADOR, Es especialmente creado para usted y es parte de su capacitaci\u00f3n.<br \/>\n&#8211; \u00a1TOME SU TIEMPO Y DISFR\u00daTELO!<\/p>\n<p style=\"text-align: center;\"><strong>Para m\u00e1s informaci\u00f3n<br \/>\n<\/strong>Favor de enviar mensaje al siguiente n\u00famero de tel\u00e9fono 449 123 36 44<\/p>\n<p>[\/vc_column_text][\/vc_column][\/vc_row][vc_row][vc_column][vc_empty_space][\/vc_column][\/vc_row][vc_row][vc_column][vc_empty_space][\/vc_column][\/vc_row][vc_row][vc_column][vc_empty_space][\/vc_column][\/vc_row][vc_row][vc_column][vc_btn title=&#8221;VOLVER A HOME&#8221; style=&#8221;flat&#8221; size=&#8221;lg&#8221; link=&#8221;url:https%3A%2F%2Fwww.frioexpress.com%2Fsite%2F|||&#8221;][\/vc_column][\/vc_row][vc_row][vc_column][vc_empty_space][\/vc_column][\/vc_row]<\/p>\n","protected":false},"excerpt":{"rendered":"<p>[vc_row][vc_column width=&#8221;1\/4&#8243;][\/vc_column][vc_column width=&#8221;1\/2&#8243;][vc_column_text el_id=&#8221;ID_173896456767a67e5718b03&#8243;] Bienvenido al Centro de Ayuda Mi Ruta Segura Frio Express [\/vc_column_text][\/vc_column][vc_column width=&#8221;1\/4&#8243;][\/vc_column][\/vc_row][vc_row][vc_column][vc_empty_space][\/vc_column][\/vc_row][vc_row][vc_column][vc_column_text google_fonts=&#8221;font_family:Averia%20Sans%20Libre%3A300%2C300italic%2Cregular%2Citalic%2C700%2C700italic|font_style:700%20bold%20regular%3A700%3Anormal&#8221; el_id=&#8221;ID_173896460767a67e7f12044&#8243; font_container=&#8221;font_size:17|color:%23063c58|line_height:20px&#8221;] Para iniciar sigue los siguientes pasos:<\/p>\n","protected":false},"author":1,"featured_media":0,"parent":0,"menu_order":0,"comment_status":"closed","ping_status":"closed","template":"","meta":{"om_disable_all_campaigns":false,"_monsterinsights_skip_tracking":false,"_monsterinsights_sitenote_active":false,"_monsterinsights_sitenote_note":"","_monsterinsights_sitenote_category":0},"aioseo_notices":[],"_links":{"self":[{"href":"https:\/\/www.frioexpress.com\/site\/wp-json\/wp\/v2\/pages\/1318"}],"collection":[{"href":"https:\/\/www.frioexpress.com\/site\/wp-json\/wp\/v2\/pages"}],"about":[{"href":"https:\/\/www.frioexpress.com\/site\/wp-json\/wp\/v2\/types\/page"}],"author":[{"embeddable":true,"href":"https:\/\/www.frioexpress.com\/site\/wp-json\/wp\/v2\/users\/1"}],"replies":[{"embeddable":true,"href":"https:\/\/www.frioexpress.com\/site\/wp-json\/wp\/v2\/comments?post=1318"}],"version-history":[{"count":4,"href":"https:\/\/www.frioexpress.com\/site\/wp-json\/wp\/v2\/pages\/1318\/revisions"}],"predecessor-version":[{"id":1323,"href":"https:\/\/www.frioexpress.com\/site\/wp-json\/wp\/v2\/pages\/1318\/revisions\/1323"}],"wp:attachment":[{"href":"https:\/\/www.frioexpress.com\/site\/wp-json\/wp\/v2\/media?parent=1318"}],"curies":[{"name":"wp","href":"https:\/\/api.w.org\/{rel}","templated":true}]}}