{"id":1325,"date":"2025-06-04T10:22:34","date_gmt":"2025-06-04T16:22:34","guid":{"rendered":"https:\/\/www.frioexpress.com\/site\/?page_id=1325"},"modified":"2025-06-04T11:04:51","modified_gmt":"2025-06-04T17:04:51","slug":"rastreo-frioexpress","status":"publish","type":"page","link":"https:\/\/www.frioexpress.com\/site\/rastreo-frioexpress\/","title":{"rendered":"BIENVENIDO AL CENTRO DE AYUDA"},"content":{"rendered":"<p>[vc_row][vc_column width=&#8221;1\/6&#8243;][\/vc_column][vc_column width=&#8221;2\/3&#8243;][vc_column_text el_id=&#8221;ID_1749051596684068cc43acc&#8221;]<\/p>\n<h2 style=\"text-align: center;\">Bienvenido al Centro de Ayuda<br \/>\n<strong>Rastreo Frio Express<\/strong><\/h2>\n<p>[\/vc_column_text][\/vc_column][vc_column width=&#8221;1\/6&#8243;][\/vc_column][\/vc_row][vc_row][vc_column][vc_row_inner][vc_column_inner][vc_separator][\/vc_column_inner][\/vc_row_inner][\/vc_column][vc_column][vc_row_inner][vc_column_inner][vc_empty_space][\/vc_column_inner][\/vc_row_inner][vc_row_inner][vc_column_inner][vc_empty_space][\/vc_column_inner][\/vc_row_inner][vc_column_text el_id=&#8221;ID_1749054850684075821b5d7&#8243; font_container=&#8221;color:%23044383&#8243;]<\/p>\n<h3><strong>Para comenzar, sigue estos pasos:<\/strong><\/h3>\n<p>[\/vc_column_text][vc_row_inner][vc_column_inner][vc_empty_space][\/vc_column_inner][\/vc_row_inner][\/vc_column][\/vc_row][vc_row][vc_column][vc_column_text el_id=&#8221;ID_174905600568407a05f3e06&#8243; font_container=&#8221;font_size:20|color:%23000000&#8243;]<strong>1. Busca la aplicaci\u00f3n en tu tienda de apps como \u201cRastreo Fr\u00edo Express\u201d.<\/strong><\/p>\n<p><strong>2. Descarga la aplicaci\u00f3n.<\/strong><\/p>\n<p><strong>3. Una vez instalada, ingresa con tu usuario y contrase\u00f1a\u00a0proporcionados por la empresa.<\/strong><\/p>\n<p><strong>4. En la pantalla principal ver\u00e1s el listado de los \u00faltimos 10 viajes.<\/strong><\/p>\n<p><strong>5. En la esquina superior derecha, encontrar\u00e1s los filtros de b\u00fasqueda, donde podr\u00e1s filtrar por:<\/strong>[\/vc_column_text][vc_empty_space height=&#8221;25px&#8221;][\/vc_column][\/vc_row][vc_row][vc_column][vc_column_text el_id=&#8221;ID_1749054959684075ef29c79&#8243; font_container=&#8221;font_size:20|color:%23000000&#8243;]<\/p>\n<p><strong>\u00a0 \u00a0 \u00a0 \u00a0 \u00a0 \u00a0 \u00a0 \u00a0 \u00a0 \u2013 Tracto<\/strong><\/p>\n<p><strong>\u00a0 \u00a0 \u00a0 \u00a0 \u00a0 \u00a0 \u00a0 \u00a0 \u00a0 \u2013 Viaje<\/strong><\/p>\n<p><strong>\u00a0 \u00a0 \u00a0 \u00a0 \u00a0 \u00a0 \u00a0 \u00a0 \u00a0 \u2013 Caja<\/strong><\/p>\n<p><strong>\u00a0 \u00a0 \u00a0 \u00a0 \u00a0 \u00a0 \u00a0 \u00a0 \u00a0 \u2013 Cliente<\/strong><\/p>\n<p><strong>\u00a0 \u00a0 \u00a0 \u00a0 \u00a0 \u00a0 \u00a0 \u00a0 \u00a0 \u2013 Fecha<\/strong><\/p>\n<p>[\/vc_column_text][\/vc_column][\/vc_row][vc_row][vc_column][vc_empty_space height=&#8221;25px&#8221;][vc_column_text el_id=&#8221;ID_17490558506840796ab8a1f&#8221; font_container=&#8221;font_size:20|color:%23000000&#8243;]<\/p>\n<p><strong>\u00a0 6. En cada tarjeta de viaje (esquina superior derecha), ver\u00e1s un \u00edcono de ubicaci\u00f3n que te mostrar\u00e1 la \u00faltima posici\u00f3n registrada del tractor, incluyendo fecha y hora.<\/strong><\/p>\n<p style=\"text-align: left;\"><strong>\u00a0 7. Al ingresar al detalle del viaje, podr\u00e1s visualizar:<\/strong><\/p>\n<p style=\"text-align: left;\">\u00a0 \u00a0 \u00a0 \u00a0 \u00a0 \u00a0 \u00a0 \u00a0 \u00a0 <strong>\u2013 Mapa del recorrido<\/strong><\/p>\n<p style=\"text-align: left;\"><strong>\u00a0 \u00a0 \u00a0 \u00a0 \u00a0 \u00a0 \u00a0 \u00a0 \u00a0\u2013 Informaci\u00f3n detallada del viaje<\/strong><\/p>\n<p style=\"text-align: left;\"><strong>\u00a0 \u00a0 \u00a0 \u00a0 \u00a0 \u00a0 \u00a0 \u00a0 \u00a0\u2013 Temperatura de la caja<\/strong><\/p>\n<p>\u00a0[\/vc_column_text][\/vc_column][\/vc_row][vc_row][vc_column][vc_empty_space height=&#8221;30px&#8221;][\/vc_column][\/vc_row][vc_row][vc_column width=&#8221;5\/6&#8243;][vc_column_text el_id=&#8221;ID_1749055468684077ecaa8df&#8221; font_container=&#8221;font_size:28|color:%23044383&#8243;]<strong>Recomendaciones<\/strong>[\/vc_column_text][\/vc_column][\/vc_row][vc_row][vc_column][vc_column_text el_id=&#8221;ID_1749055778684079223bdd5&#8243; font_container=&#8221;font_size:20&#8243;]<\/p>\n<h4><\/h4>\n<p><strong>\u2013 Revisa la app durante tus horarios laborales o en momentos adecuados para monitoreo.<\/strong><\/p>\n<p style=\"text-align: left;\"><strong>\u2013 Si encuentras informaci\u00f3n incorrecta o faltante, rep\u00f3rtala a\u00a0Atenci\u00f3n a Clientes\u00a0para su pronta verificaci\u00f3n.<\/strong><\/p>\n<p>[\/vc_column_text][vc_empty_space][vc_row_inner][vc_column_inner][vc_empty_space][\/vc_column_inner][\/vc_row_inner][\/vc_column][\/vc_row][vc_row][vc_column][vc_separator][vc_row_inner][vc_column_inner][vc_empty_space][\/vc_column_inner][\/vc_row_inner][vc_column_text el_id=&#8221;ID_17490544666840740274089&#8243;]<\/p>\n<h6 style=\"text-align: right;\"><strong>\u00bfNecesitas ayuda?<\/strong><\/h6>\n<p style=\"text-align: right;\">Para m\u00e1s informaci\u00f3n o soporte, puedes comunicarte al siguiente n\u00famero:<\/p>\n<p style=\"text-align: right;\"><img loading=\"lazy\" class=\"an1\" draggable=\"false\" src=\"https:\/\/fonts.gstatic.com\/s\/e\/notoemoji\/16.0\/1f4de\/32.png\" alt=\"&#x1f4de;\" width=\"20\" height=\"20\" data-emoji=\"&#x1f4de;\" aria-label=\"&#x1f4de;\" \/>\u00a0 \u00a0<strong>449 123 36 44<\/strong><\/p>\n<p>[\/vc_column_text][\/vc_column][\/vc_row][vc_row][vc_column][vc_empty_space height=&#8221;60px&#8221;][\/vc_column][\/vc_row]<\/p>\n","protected":false},"excerpt":{"rendered":"<p>[vc_row][vc_column width=&#8221;1\/6&#8243;][\/vc_column][vc_column width=&#8221;2\/3&#8243;][vc_column_text el_id=&#8221;ID_1749051596684068cc43acc&#8221;] Bienvenido al Centro de Ayuda Rastreo Frio Express [\/vc_column_text][\/vc_column][vc_column width=&#8221;1\/6&#8243;][\/vc_column][\/vc_row][vc_row][vc_column][vc_row_inner][vc_column_inner][vc_separator][\/vc_column_inner][\/vc_row_inner][\/vc_column][vc_column][vc_row_inner][vc_column_inner][vc_empty_space][\/vc_column_inner][\/vc_row_inner][vc_row_inner][vc_column_inner][vc_empty_space][\/vc_column_inner][\/vc_row_inner][vc_column_text el_id=&#8221;ID_1749054850684075821b5d7&#8243; font_container=&#8221;color:%23044383&#8243;] Para comenzar, sigue estos pasos: [\/vc_column_text][vc_row_inner][vc_column_inner][vc_empty_space][\/vc_column_inner][\/vc_row_inner][\/vc_column][\/vc_row][vc_row][vc_column][vc_column_text el_id=&#8221;ID_174905600568407a05f3e06&#8243; font_container=&#8221;font_size:20|color:%23000000&#8243;]1. Busca<\/p>\n","protected":false},"author":1,"featured_media":0,"parent":0,"menu_order":0,"comment_status":"closed","ping_status":"closed","template":"","meta":{"om_disable_all_campaigns":false,"_monsterinsights_skip_tracking":false,"_monsterinsights_sitenote_active":false,"_monsterinsights_sitenote_note":"","_monsterinsights_sitenote_category":0},"aioseo_notices":[],"_links":{"self":[{"href":"https:\/\/www.frioexpress.com\/site\/wp-json\/wp\/v2\/pages\/1325"}],"collection":[{"href":"https:\/\/www.frioexpress.com\/site\/wp-json\/wp\/v2\/pages"}],"about":[{"href":"https:\/\/www.frioexpress.com\/site\/wp-json\/wp\/v2\/types\/page"}],"author":[{"embeddable":true,"href":"https:\/\/www.frioexpress.com\/site\/wp-json\/wp\/v2\/users\/1"}],"replies":[{"embeddable":true,"href":"https:\/\/www.frioexpress.com\/site\/wp-json\/wp\/v2\/comments?post=1325"}],"version-history":[{"count":23,"href":"https:\/\/www.frioexpress.com\/site\/wp-json\/wp\/v2\/pages\/1325\/revisions"}],"predecessor-version":[{"id":1348,"href":"https:\/\/www.frioexpress.com\/site\/wp-json\/wp\/v2\/pages\/1325\/revisions\/1348"}],"wp:attachment":[{"href":"https:\/\/www.frioexpress.com\/site\/wp-json\/wp\/v2\/media?parent=1325"}],"curies":[{"name":"wp","href":"https:\/\/api.w.org\/{rel}","templated":true}]}}