{"id":15,"date":"2020-10-21T11:48:59","date_gmt":"2020-10-21T16:48:59","guid":{"rendered":"http:\/\/clientes.grupoendor.com\/frioexpress\/?page_id=15"},"modified":"2022-05-25T12:22:26","modified_gmt":"2022-05-25T17:22:26","slug":"reclutamiento","status":"publish","type":"page","link":"https:\/\/www.frioexpress.com\/site\/reclutamiento\/","title":{"rendered":"Reclutamiento"},"content":{"rendered":"<p>[vc_row full_height=&#8221;yes&#8221; content_placement=&#8221;middle&#8221; css=&#8221;.vc_custom_1626801598498{background-image: url(https:\/\/www.frioexpress.com\/site\/wp-content\/uploads\/2020\/10\/Group-65.png?id=182) !important;background-position: center !important;background-repeat: no-repeat !important;background-size: cover !important;}&#8221; el_class=&#8221;vc_hidden-sm vc_hidden-xs&#8221;][vc_column width=&#8221;1\/3&#8243;][\/vc_column][vc_column width=&#8221;1\/3&#8243;][vc_column_text use_theme_fonts=&#8221;yes&#8221; el_id=&#8221;ID_1613682766602ed84e1fde0&#8243; font_container=&#8221;font_size:35|color:%23ffffff&#8221; css=&#8221;.vc_custom_1613682778732{padding-top: 2% !important;padding-right: 10% !important;padding-bottom: 2% !important;padding-left: 10% !important;background-color: rgba(255,255,255,0.55) !important;*background-color: rgb(255,255,255) !important;}&#8221;]<\/p>\n<h1 style=\"text-align: center;\">RECLUTAMIENTO<\/h1>\n<p>[\/vc_column_text][\/vc_column][vc_column width=&#8221;1\/3&#8243;][\/vc_column][\/vc_row][vc_row content_placement=&#8221;middle&#8221; css=&#8221;.vc_custom_1626801608656{background-image: url(https:\/\/www.frioexpress.com\/site\/wp-content\/uploads\/2020\/10\/Group-65.png?id=182) !important;background-position: center !important;background-repeat: no-repeat !important;background-size: cover !important;}&#8221; el_class=&#8221;vc_hidden-md vc_hidden-lg&#8221;][vc_column width=&#8221;1\/6&#8243;][\/vc_column][vc_column width=&#8221;2\/3&#8243;][vc_empty_space height=&#8221;12.5vh&#8221;][vc_column_text use_theme_fonts=&#8221;yes&#8221; el_id=&#8221;ID_1614727763603eca53c7bdf&#8221; font_container=&#8221;font_size:35|color:%23ffffff&#8221; css=&#8221;.vc_custom_1614727806062{padding-top: 2% !important;padding-bottom: 2% !important;background-color: rgba(255,255,255,0.55) !important;*background-color: rgb(255,255,255) !important;}&#8221;]<\/p>\n<h1 style=\"text-align: center;\"><span style=\"font-size: 25px;\">RECLUTAMIENTO<\/span><\/h1>\n<p>[\/vc_column_text][vc_empty_space height=&#8221;12.5vh&#8221;][\/vc_column][vc_column width=&#8221;1\/6&#8243;][\/vc_column][\/vc_row][vc_row el_class=&#8221;vc_hidden-sm vc_hidden-xs&#8221;][vc_column css_animation=&#8221;slideInDown&#8221;][vc_empty_space height=&#8221;10vh&#8221;][vc_custom_heading text=&#8221;BOLSA DE TRABAJO&#8221; font_container=&#8221;tag:h2|font_size:17|text_align:center|color:%23063c58|line_height:20PX&#8221; google_fonts=&#8221;font_family:Karla%3Aregular%2Citalic%2C700%2C700italic|font_style:700%20bold%20regular%3A700%3Anormal&#8221; el_id=&#8221;ID_16037588795f976b1fb286a&#8221; font_container_tabled=&#8221;text_align:left&#8221; font_container_mobil=&#8221;text_align:left&#8221; el_class=&#8221;karla&#8221;][vc_empty_space height=&#8221;10vh&#8221;][vc_row_inner equal_height=&#8221;yes&#8221;][vc_column_inner width=&#8221;1\/12&#8243;][\/vc_column_inner][vc_column_inner width=&#8221;2\/12&#8243;][vc_column_text google_fonts=&#8221;font_family:Averia%20Serif%20Libre%3A300%2C300italic%2Cregular%2Citalic%2C700%2C700italic|font_style:300%20light%20regular%3A300%3Anormal&#8221; el_id=&#8221;ID_16039145125f99cb10d59bc&#8221; font_container=&#8221;font_size:17|color:%23063c58|line_height:20px&#8221; el_class=&#8221;averia&#8221;]<\/p>\n<p style=\"text-align: center;\">Mantenimiento<\/p>\n<p>[\/vc_column_text][vc_empty_space height=&#8221;5vh&#8221;][vc_single_image image=&#8221;572&#8243; img_size=&#8221;full&#8221; alignment=&#8221;center&#8221; el_id=&#8221;ID_16063430515fbed98b291c0&#8243; el_class=&#8221;zoom&#8221;][\/vc_column_inner][vc_column_inner width=&#8221;2\/12&#8243;][vc_column_text google_fonts=&#8221;font_family:Averia%20Serif%20Libre%3A300%2C300italic%2Cregular%2Citalic%2C700%2C700italic|font_style:300%20light%20regular%3A300%3Anormal&#8221; el_id=&#8221;ID_16039145175f99cb15493ac&#8221; font_container=&#8221;font_size:17|color:%23063c58|line_height:20px&#8221; el_class=&#8221;averia&#8221;]<\/p>\n<p style=\"text-align: center;\">Administrativo<\/p>\n<p>[\/vc_column_text][vc_empty_space height=&#8221;5vh&#8221;][vc_single_image image=&#8221;573&#8243; img_size=&#8221;full&#8221; alignment=&#8221;center&#8221; el_id=&#8221;ID_16063431125fbed9c84dc69&#8243; el_class=&#8221;zoom&#8221;][\/vc_column_inner][vc_column_inner width=&#8221;2\/12&#8243;][vc_column_text google_fonts=&#8221;font_family:Averia%20Serif%20Libre%3A300%2C300italic%2Cregular%2Citalic%2C700%2C700italic|font_style:300%20light%20regular%3A300%3Anormal&#8221; el_id=&#8221;ID_16153140476047bc7fc6032&#8243; font_container=&#8221;font_size:17|color:%23063c58|line_height:20px&#8221; el_class=&#8221;averia&#8221;]<\/p>\n<p style=\"text-align: center;\">Operadores<\/p>\n<p>[\/vc_column_text][vc_empty_space height=&#8221;5vh&#8221;][vc_single_image image=&#8221;566&#8243; img_size=&#8221;full&#8221; alignment=&#8221;center&#8221; el_id=&#8221;ID_16153140606047bc8ca7fb7&#8243; el_class=&#8221;zoom&#8221;][\/vc_column_inner][vc_column_inner width=&#8221;2\/12&#8243;][vc_column_text google_fonts=&#8221;font_family:Averia%20Serif%20Libre%3A300%2C300italic%2Cregular%2Citalic%2C700%2C700italic|font_style:300%20light%20regular%3A300%3Anormal&#8221; el_id=&#8221;ID_16039145235f99cb1ba43aa&#8221; font_container=&#8221;font_size:17|color:%23063c58|line_height:20px&#8221; el_class=&#8221;averia&#8221;]<\/p>\n<p style=\"text-align: center;\">Becarios y practicantes<\/p>\n<p>[\/vc_column_text][vc_empty_space height=&#8221;5vh&#8221;][vc_single_image image=&#8221;574&#8243; img_size=&#8221;full&#8221; alignment=&#8221;center&#8221; el_id=&#8221;ID_16063431265fbed9d6ec75b&#8221; el_class=&#8221;zoom&#8221;][\/vc_column_inner][vc_column_inner width=&#8221;2\/12&#8243;][vc_column_text google_fonts=&#8221;font_family:Averia%20Serif%20Libre%3A300%2C300italic%2Cregular%2Citalic%2C700%2C700italic|font_style:300%20light%20regular%3A300%3Anormal&#8221; el_id=&#8221;ID_16153126506047b70a46e4e&#8221; font_container=&#8221;font_size:17|color:%23063c58|line_height:20px&#8221; el_class=&#8221;averia&#8221;]<\/p>\n<p style=\"text-align: center;\">Transfer<\/p>\n<p>[\/vc_column_text][vc_empty_space height=&#8221;5vh&#8221;][vc_single_image image=&#8221;938&#8243; img_size=&#8221;full&#8221; alignment=&#8221;center&#8221; el_id=&#8221;ID_16153126686047b71cea559&#8243; el_class=&#8221;zoom&#8221;][\/vc_column_inner][vc_column_inner width=&#8221;1\/12&#8243;][\/vc_column_inner][\/vc_row_inner][vc_empty_space height=&#8221;10vh&#8221;][vc_empty_space height=&#8221;10vh&#8221;][vc_single_image image=&#8221;1103&#8243; img_size=&#8221;medium&#8221; alignment=&#8221;center&#8221; el_id=&#8221;ID_1653498382628e620e7b2e6&#8243; css=&#8221;.vc_custom_1653498387004{margin-bottom: 17px !important;border-bottom-width: 12px !important;padding-bottom: 12px !important;}&#8221;][vc_row_inner][vc_column_inner width=&#8221;1\/2&#8243;][vc_column_text use_theme_fonts=&#8221;yes&#8221; el_id=&#8221;ID_1653498690628e6342bbcfd&#8221; font_container=&#8221;font_size:17|color:%23ffffff&#8221; css=&#8221;.vc_custom_1653498760825{padding-top: 2% !important;padding-right: 10% !important;padding-bottom: 11% !important;padding-left: 10% !important;background-color: rgba(20,68,145,0.9) !important;*background-color: rgb(20,68,145) !important;}&#8221;]<span style=\"font-weight: 400;\">REQUISITOS PRINCIPALES:<\/span><\/p>\n<ol>\n<li style=\"font-weight: 400;\" aria-level=\"1\"><span style=\"font-weight: 400;\">M\u00ednimo de edad: 23 a\u00f1os.<\/span><\/li>\n<li style=\"font-weight: 400;\" aria-level=\"1\"><span style=\"font-weight: 400;\">Escolaridad: Preparatoria terminada.<\/span><\/li>\n<li style=\"font-weight: 400;\" aria-level=\"1\"><span style=\"font-weight: 400;\">Licencia de Conductor: Federal Tipo B o E.<\/span><\/li>\n<li style=\"font-weight: 400;\" aria-level=\"1\"><span style=\"font-weight: 400;\">Experiencia previa en manejo de equipos pesados y conocimiento en carreteras.<\/span><\/li>\n<\/ol>\n<p>[\/vc_column_text][vc_column_text use_theme_fonts=&#8221;yes&#8221; el_id=&#8221;ID_1653319474628ba73213cea&#8221; font_container=&#8221;font_size:35|color:%23ffffff&#8221; css=&#8221;.vc_custom_1653319487886{padding-top: 2% !important;padding-right: 10% !important;padding-bottom: 2% !important;padding-left: 10% !important;background-color: rgba(255,255,255,0.55) !important;*background-color: rgb(255,255,255) !important;}&#8221;][\/vc_column_text][\/vc_column_inner][vc_column_inner width=&#8221;1\/2&#8243;][vc_column_text use_theme_fonts=&#8221;yes&#8221; el_id=&#8221;ID_1653498524628e629c378a0&#8243; font_container=&#8221;font_size:17|color:%23ffffff&#8221; css=&#8221;.vc_custom_1653498600330{padding-top: 2% !important;padding-right: 2% !important;padding-bottom: 2% !important;padding-left: 2% !important;background-color: rgba(20,68,145,0.93) !important;*background-color: rgb(20,68,145) !important;}&#8221;]<span style=\"font-weight: 400;\">ASPECTOS A CONSIDERAR:<\/span><\/p>\n<p><span style=\"font-weight: 400;\">El Centro de Formaci\u00f3n y Desarrollo se encuentra en la ciudad de\u00a0 Aguascalientes por lo cual es importante considerar que<\/span><b> NO<\/b><span style=\"font-weight: 400;\"> contamos con dormitorios\u00a0 y las clases son presenciales.<\/span><\/p>\n<p><span style=\"font-weight: 400;\">La duraci\u00f3n del programa es de 6 meses. Iniciamos una nueva generaci\u00f3n en los meses de Enero y Julio de cada a\u00f1o.<\/span><\/p>\n<p><span style=\"font-weight: 400;\">Ofrecemos una beca a consideraci\u00f3n de un estudio socioecon\u00f3mico.<\/span>[\/vc_column_text][vc_column_text use_theme_fonts=&#8221;yes&#8221; el_id=&#8221;ID_1653319550628ba77e41187&#8243; font_container=&#8221;font_size:35|color:%23ffffff&#8221; css=&#8221;.vc_custom_1653319563044{padding-top: 2% !important;padding-right: 10% !important;padding-bottom: 2% !important;padding-left: 10% !important;background-color: rgba(255,255,255,0.55) !important;*background-color: rgb(255,255,255) !important;}&#8221;][\/vc_column_text][\/vc_column_inner][\/vc_row_inner][vc_column_text use_theme_fonts=&#8221;yes&#8221; el_id=&#8221;ID_1653499267628e65834c90f&#8221; font_container=&#8221;font_size:17|color:%23ffffff&#8221; css=&#8221;.vc_custom_1653499344875{padding-top: 2% !important;padding-right: 10% !important;padding-bottom: 3% !important;padding-left: 10% !important;background-color: rgba(131,135,133,0.55) !important;background-position: center !important;background-repeat: no-repeat !important;background-size: contain !important;*background-color: rgb(131,135,133) !important;}&#8221;]<\/p>\n<p style=\"text-align: center;\"><strong>INTERESADOS EN EL CENTRO DE FORMACI\u00d3N<\/strong><\/p>\n<p style=\"text-align: center;\">\u00a0 \u00a0 Te presentamos los medios para solicitar informaci\u00f3n<\/p>\n<p style=\"text-align: center;\"><span style=\"font-weight: 400;\">1.- Env\u00eda tu solicitud de empleo al correo <a href=\"mailto:admisiones@frioexpress.com\">admisiones@frioexpress.com<\/a>\u00a0<\/span><\/p>\n<p style=\"text-align: center;\"><span style=\"font-weight: 400;\">2.- Env\u00eda un mensaje v\u00eda whatsapp al n\u00famero: 449 123 36 44<\/span><\/p>\n<p style=\"text-align: center;\"><span style=\"font-weight: 400;\">3.- Puedes comunicarte al tel\u00e9fono: <\/span><span style=\"font-weight: 400;\">\u00a0 449-922-13-00 EXT. 592 con la Lic. Carolina B\u00e1ez (\u00c1rea de capacitaci\u00f3n).<\/span><\/p>\n<p>[\/vc_column_text][vc_video link=&#8221;https:\/\/youtu.be\/MB4A4ndNvEc&#8221; align=&#8221;center&#8221; title=&#8221;TESTIMONIOS ALUMNOS&#8221; css=&#8221;.vc_custom_1653499234647{padding-top: 15px !important;padding-bottom: 15px !important;}&#8221;][\/vc_column][\/vc_row][vc_row el_class=&#8221;vc_hidden-md vc_hidden-lg&#8221;][vc_column css_animation=&#8221;slideInDown&#8221;][vc_empty_space height=&#8221;5vh&#8221;][vc_custom_heading text=&#8221;BOLSA DE TRABAJO&#8221; font_container=&#8221;tag:h2|font_size:17|text_align:center|color:%23063c58|line_height:20PX&#8221; google_fonts=&#8221;font_family:Karla%3Aregular%2Citalic%2C700%2C700italic|font_style:700%20bold%20regular%3A700%3Anormal&#8221; el_id=&#8221;ID_1614724580603ebde4506c0&#8243; font_container_tabled=&#8221;text_align:left&#8221; font_container_mobil=&#8221;text_align:center&#8221; el_class=&#8221;karla&#8221;][vc_empty_space height=&#8221;5vh&#8221;][vc_row_inner equal_height=&#8221;yes&#8221;][vc_column_inner][vc_column_text google_fonts=&#8221;font_family:Averia%20Serif%20Libre%3A300%2C300italic%2Cregular%2Citalic%2C700%2C700italic|font_style:300%20light%20regular%3A300%3Anormal&#8221; el_id=&#8221;ID_16039145125f99cb10d59bc&#8221; font_container=&#8221;font_size:17|color:%23063c58|line_height:20px&#8221; el_class=&#8221;averia&#8221;]<\/p>\n<p style=\"text-align: center;\">Mantenimiento<\/p>\n<p>[\/vc_column_text][vc_empty_space height=&#8221;5vh&#8221;][vc_single_image image=&#8221;431&#8243; img_size=&#8221;full&#8221; alignment=&#8221;center&#8221; el_id=&#8221;ID_16039148605f99cc6c373f6&#8243; el_class=&#8221;zoom&#8221;][vc_empty_space height=&#8221;5vh&#8221;][vc_column_text google_fonts=&#8221;font_family:Averia%20Serif%20Libre%3A300%2C300italic%2Cregular%2Citalic%2C700%2C700italic|font_style:300%20light%20regular%3A300%3Anormal&#8221; el_id=&#8221;ID_16039145175f99cb15493ac&#8221; font_container=&#8221;font_size:17|color:%23063c58|line_height:20px&#8221; el_class=&#8221;averia&#8221;]<\/p>\n<p style=\"text-align: center;\">Administrativo<\/p>\n<p>[\/vc_column_text][vc_empty_space height=&#8221;5vh&#8221;][vc_single_image image=&#8221;432&#8243; img_size=&#8221;full&#8221; alignment=&#8221;center&#8221; el_id=&#8221;ID_16039148665f99cc72b3985&#8243; el_class=&#8221;zoom&#8221;][vc_empty_space height=&#8221;5vh&#8221;][vc_column_text google_fonts=&#8221;font_family:Averia%20Serif%20Libre%3A300%2C300italic%2Cregular%2Citalic%2C700%2C700italic|font_style:300%20light%20regular%3A300%3Anormal&#8221; el_id=&#8221;ID_16039145205f99cb1873d48&#8243; font_container=&#8221;font_size:17|color:%23063c58|line_height:20px&#8221; el_class=&#8221;averia&#8221;]<\/p>\n<p style=\"text-align: center;\">Operadores<\/p>\n<p>[\/vc_column_text][vc_empty_space height=&#8221;5vh&#8221;][vc_single_image image=&#8221;429&#8243; img_size=&#8221;full&#8221; alignment=&#8221;center&#8221; el_id=&#8221;ID_16039148715f99cc779b830&#8243; el_class=&#8221;zoom&#8221;][vc_empty_space height=&#8221;5vh&#8221;][vc_column_text google_fonts=&#8221;font_family:Averia%20Serif%20Libre%3A300%2C300italic%2Cregular%2Citalic%2C700%2C700italic|font_style:300%20light%20regular%3A300%3Anormal&#8221; el_id=&#8221;ID_16039145235f99cb1ba43aa&#8221; font_container=&#8221;font_size:17|color:%23063c58|line_height:20px&#8221; el_class=&#8221;averia&#8221;]<\/p>\n<p style=\"text-align: center;\">Becarios y practicantes<\/p>\n<p>[\/vc_column_text][vc_empty_space height=&#8221;5vh&#8221;][vc_single_image image=&#8221;430&#8243; img_size=&#8221;full&#8221; alignment=&#8221;center&#8221; el_id=&#8221;ID_16039148765f99cc7cb37ff&#8221; el_class=&#8221;zoom&#8221;][vc_empty_space height=&#8221;5vh&#8221;][vc_column_text google_fonts=&#8221;font_family:Averia%20Serif%20Libre%3A300%2C300italic%2Cregular%2Citalic%2C700%2C700italic|font_style:300%20light%20regular%3A300%3Anormal&#8221; el_id=&#8221;ID_16153159716047c40381aa4&#8243; font_container=&#8221;font_size:17|color:%23063c58|line_height:20px&#8221; el_class=&#8221;averia&#8221;]<\/p>\n<p style=\"text-align: center;\">Transfer<\/p>\n<p>[\/vc_column_text][vc_empty_space height=&#8221;5vh&#8221;][vc_single_image image=&#8221;938&#8243; img_size=&#8221;full&#8221; alignment=&#8221;center&#8221; el_id=&#8221;ID_16153159776047c409d10d8&#8243; el_class=&#8221;zoom&#8221;][\/vc_column_inner][\/vc_row_inner][vc_empty_space height=&#8221;5vh&#8221;][vc_btn title=&#8221;\u00daNETE A NUESTRO EQUIPO&#8221; style=&#8221;flat&#8221; shape=&#8221;square&#8221; size=&#8221;lg&#8221; align=&#8221;center&#8221; link=&#8221;url:http%3A%2F%2Ffrioexpress-desarrollo.com%2Freclutamiento%2F||target:%20_blank|&#8221;][\/vc_column][\/vc_row][vc_row][vc_column][vc_empty_space height=&#8221;5vh&#8221;][\/vc_column][\/vc_row]<\/p>\n","protected":false},"excerpt":{"rendered":"<p>[vc_row full_height=&#8221;yes&#8221; content_placement=&#8221;middle&#8221; css=&#8221;.vc_custom_1626801598498{background-image: url(https:\/\/www.frioexpress.com\/site\/wp-content\/uploads\/2020\/10\/Group-65.png?id=182) !important;background-position: center !important;background-repeat: no-repeat !important;background-size: cover !important;}&#8221; el_class=&#8221;vc_hidden-sm vc_hidden-xs&#8221;][vc_column width=&#8221;1\/3&#8243;][\/vc_column][vc_column width=&#8221;1\/3&#8243;][vc_column_text use_theme_fonts=&#8221;yes&#8221; el_id=&#8221;ID_1613682766602ed84e1fde0&#8243; font_container=&#8221;font_size:35|color:%23ffffff&#8221; css=&#8221;.vc_custom_1613682778732{padding-top: 2% !important;padding-right: 10% !important;padding-bottom: 2%<\/p>\n","protected":false},"author":1,"featured_media":0,"parent":0,"menu_order":0,"comment_status":"closed","ping_status":"closed","template":"","meta":{"om_disable_all_campaigns":false,"_monsterinsights_skip_tracking":false,"_monsterinsights_sitenote_active":false,"_monsterinsights_sitenote_note":"","_monsterinsights_sitenote_category":0},"aioseo_notices":[],"_links":{"self":[{"href":"https:\/\/www.frioexpress.com\/site\/wp-json\/wp\/v2\/pages\/15"}],"collection":[{"href":"https:\/\/www.frioexpress.com\/site\/wp-json\/wp\/v2\/pages"}],"about":[{"href":"https:\/\/www.frioexpress.com\/site\/wp-json\/wp\/v2\/types\/page"}],"author":[{"embeddable":true,"href":"https:\/\/www.frioexpress.com\/site\/wp-json\/wp\/v2\/users\/1"}],"replies":[{"embeddable":true,"href":"https:\/\/www.frioexpress.com\/site\/wp-json\/wp\/v2\/comments?post=15"}],"version-history":[{"count":74,"href":"https:\/\/www.frioexpress.com\/site\/wp-json\/wp\/v2\/pages\/15\/revisions"}],"predecessor-version":[{"id":1182,"href":"https:\/\/www.frioexpress.com\/site\/wp-json\/wp\/v2\/pages\/15\/revisions\/1182"}],"wp:attachment":[{"href":"https:\/\/www.frioexpress.com\/site\/wp-json\/wp\/v2\/media?parent=15"}],"curies":[{"name":"wp","href":"https:\/\/api.w.org\/{rel}","templated":true}]}}