{"id":232,"date":"2020-10-23T14:33:51","date_gmt":"2020-10-23T19:33:51","guid":{"rendered":"http:\/\/clientes.grupoendor.com\/frioexpress\/?page_id=232"},"modified":"2021-07-20T14:52:25","modified_gmt":"2021-07-20T19:52:25","slug":"aviso-de-privacidad-m-transcarga","status":"publish","type":"page","link":"https:\/\/www.frioexpress.com\/site\/aviso-de-privacidad-m-transcarga\/","title":{"rendered":"Aviso de privacidad m transcarga"},"content":{"rendered":"<p>[vc_row full_height=&#8221;yes&#8221; content_placement=&#8221;middle&#8221; css=&#8221;.vc_custom_1626810685541{background-image: url(https:\/\/www.frioexpress.com\/site\/wp-content\/uploads\/2020\/10\/Group-69.png?id=305) !important;background-position: center !important;background-repeat: no-repeat !important;background-size: cover !important;}&#8221; el_class=&#8221;vc_hidden-sm vc_hidden-xs&#8221;][vc_column width=&#8221;1\/4&#8243;][\/vc_column][vc_column width=&#8221;1\/2&#8243;][vc_column_text use_theme_fonts=&#8221;yes&#8221; el_id=&#8221;ID_1613684704602edfe0649b4&#8243; font_container=&#8221;font_size:35|color:%23ffffff&#8221; css=&#8221;.vc_custom_1613684718597{padding-top: 2% !important;padding-right: 15% !important;padding-bottom: 2% !important;padding-left: 15% !important;background-color: rgba(255,255,255,0.55) !important;*background-color: rgb(255,255,255) !important;}&#8221;]<\/p>\n<h1 style=\"text-align: center;\">AVISO DE PRIVACIDAD M TRASCARGA<\/h1>\n<p>[\/vc_column_text][\/vc_column][vc_column width=&#8221;1\/4&#8243;][\/vc_column][\/vc_row][vc_row content_placement=&#8221;middle&#8221; css=&#8221;.vc_custom_1626810695686{background-image: url(https:\/\/www.frioexpress.com\/site\/wp-content\/uploads\/2020\/10\/Group-69.png?id=305) !important;background-position: center !important;background-repeat: no-repeat !important;background-size: cover !important;}&#8221; el_class=&#8221;vc_hidden-md vc_hidden-lg&#8221;][vc_column width=&#8221;1\/6&#8243;][\/vc_column][vc_column width=&#8221;2\/3&#8243;][vc_empty_space height=&#8221;12.5vh&#8221;][vc_column_text use_theme_fonts=&#8221;yes&#8221; el_id=&#8221;ID_16141995466036bafa9e2f7&#8243; font_container=&#8221;font_size:35|color:%23ffffff&#8221; css=&#8221;.vc_custom_1614199550189{padding-top: 2% !important;padding-bottom: 2% !important;background-color: rgba(255,255,255,0.55) !important;*background-color: rgb(255,255,255) !important;}&#8221;]<\/p>\n<h1 style=\"text-align: center;\">AVISO DE PRIVACIDAD M TRASCARGA<\/h1>\n<p>[\/vc_column_text][vc_empty_space height=&#8221;12.5vh&#8221;][\/vc_column][vc_column width=&#8221;1\/6&#8243;][\/vc_column][\/vc_row][vc_row][vc_column][vc_empty_space height=&#8221;2vh&#8221;][vc_row_inner][vc_column_inner width=&#8221;1\/12&#8243;][\/vc_column_inner][vc_column_inner width=&#8221;10\/12&#8243;][vc_empty_space height=&#8221;3vh&#8221;][vc_column_text google_fonts=&#8221;font_family:Averia%20Serif%20Libre%3A300%2C300italic%2Cregular%2Citalic%2C700%2C700italic|font_style:300%20light%20regular%3A300%3Anormal&#8221; el_id=&#8221;ID_16039139915f99c907acea2&#8243; font_container=&#8221;font_size:17|color:%23063c58|line_height:20px&#8221; el_class=&#8221;averia&#8221;]<\/p>\n<p style=\"text-align: left;\"><span style=\"font-weight: bold;\">M TRANSCARGA<\/span>, con domicilio en calle Gregorio Ruiz Velasco No. 204, Colonia Ciudad Industrial, Ciudad Aguascalientes, municipio o delegaci\u00f3n Aguascalientes, C.P. 20290, en la entidad de Aguascalientes, pa\u00eds M\u00e9xico, es el responsable del uso y protecci\u00f3n de sus datos personales, y al respecto le informamos lo siguiente:<\/p>\n<p>[\/vc_column_text][vc_empty_space height=&#8221;3vh&#8221;][vc_custom_heading text=&#8221;\u00bfPara qu\u00e9 fines utilizaremos sus datos personales?&#8221; font_container=&#8221;tag:h5|font_size:15|text_align:left|color:%23063c58|line_height:20px&#8221; google_fonts=&#8221;font_family:Averia%20Serif%20Libre%3A300%2C300italic%2Cregular%2Citalic%2C700%2C700italic|font_style:700%20bold%20regular%3A700%3Anormal&#8221; el_id=&#8221;ID_16037534165f9755c8a5309&#8243; font_container_tabled=&#8221;text_align:left&#8221; font_container_mobil=&#8221;text_align:left&#8221;][vc_column_text google_fonts=&#8221;font_family:Averia%20Serif%20Libre%3A300%2C300italic%2Cregular%2Citalic%2C700%2C700italic|font_style:300%20light%20regular%3A300%3Anormal&#8221; el_id=&#8221;ID_16039139975f99c90dac231&#8243; font_container=&#8221;font_size:17|color:%23063c58|line_height:20px&#8221; el_class=&#8221;averia&#8221;]<\/p>\n<p style=\"text-align: left;\">De manera adicional, utilizaremos su informaci\u00f3n personal para las siguientes finalidades secundarias que no son necesarias para el servicio solicitado, pero que nos permiten y facilitan brindarle una mejor atenci\u00f3n:<\/p>\n<p style=\"text-align: left;\">Para proveer los servicios y productos que ofrecemos.<\/p>\n<p>[\/vc_column_text][vc_empty_space height=&#8221;20px&#8221;][\/vc_column_inner][vc_column_inner width=&#8221;1\/12&#8243;][\/vc_column_inner][\/vc_row_inner][vc_row_inner][vc_column_inner width=&#8221;1\/12&#8243;][\/vc_column_inner][vc_column_inner width=&#8221;5\/12&#8243;][vc_column_text google_fonts=&#8221;font_family:Averia%20Serif%20Libre%3A300%2C300italic%2Cregular%2Citalic%2C700%2C700italic|font_style:300%20light%20regular%3A300%3Anormal&#8221; el_id=&#8221;ID_16039140025f99c912deb79&#8243; font_container=&#8221;font_size:17|color:%23063c58|line_height:20px&#8221; el_class=&#8221;averia&#8221;]<\/p>\n<p style=\"text-align: left;\">Para realizar expediente del cliente.<\/p>\n<p style=\"text-align: left;\">En caso de que no desee que sus datos personales se utilicen para estos fines secundarios, ind\u00edquelo a continuaci\u00f3n:<\/p>\n<p style=\"text-align: left;\">No consiento que mis datos personales se utilicen para los siguientes fines:<\/p>\n<p style=\"text-align: left;\">&#8211; Para proveer PROVEER los servicios y productos que ofrecemos<\/p>\n<p style=\"text-align: left;\">&#8211; Para REALIZAR expediente del cliente<\/p>\n<p style=\"text-align: left;\">&#8211; La negativa para el uso de sus datos personales para estas finalidades no podr\u00e1 ser un motivo para que le neguemos los servicios y productos que solicita o contrata con nosotros.<\/p>\n<p>[\/vc_column_text][vc_empty_space height=&#8221;6vh&#8221;][vc_custom_heading text=&#8221;\u00bfQu\u00e9 datos personales utilizaremos para estos fines?&#8221; font_container=&#8221;tag:h5|font_size:15|text_align:left|color:%23063c58|line_height:20px&#8221; google_fonts=&#8221;font_family:Averia%20Serif%20Libre%3A300%2C300italic%2Cregular%2Citalic%2C700%2C700italic|font_style:700%20bold%20regular%3A700%3Anormal&#8221; el_id=&#8221;ID_16037535845f9756702a947&#8243; font_container_tabled=&#8221;text_align:left&#8221; font_container_mobil=&#8221;text_align:left&#8221;][vc_column_text google_fonts=&#8221;font_family:Averia%20Serif%20Libre%3A300%2C300italic%2Cregular%2Citalic%2C700%2C700italic|font_style:300%20light%20regular%3A300%3Anormal&#8221; el_id=&#8221;ID_16039140075f99c9177c94a&#8221; font_container=&#8221;font_size:17|color:%23063c58|line_height:20px&#8221; el_class=&#8221;averia&#8221;]<\/p>\n<p style=\"text-align: left;\">Para llevar a cabo las finalidades descritas en el presente aviso de privacidad, utilizaremos los siguientes datos personales:<\/p>\n<p style=\"text-align: left;\">Datos de identificaci\u00f3n<\/p>\n<p style=\"text-align: left;\">Datos de contacto<\/p>\n<p style=\"text-align: left;\">Datos patrimoniales y\/o financieros<\/p>\n<p>[\/vc_column_text][vc_empty_space height=&#8221;6vh&#8221;][\/vc_column_inner][vc_column_inner width=&#8221;5\/12&#8243;][vc_single_image image=&#8221;306&#8243; img_size=&#8221;full&#8221; css_animation=&#8221;fadeInRight&#8221; el_id=&#8221;ID_162681070560f7295182ac0&#8243;][vc_empty_space height=&#8221;20px&#8221;][\/vc_column_inner][vc_column_inner width=&#8221;1\/12&#8243;][\/vc_column_inner][\/vc_row_inner][vc_row_inner][vc_column_inner width=&#8221;1\/12&#8243;][\/vc_column_inner][vc_column_inner width=&#8221;10\/12&#8243;][vc_custom_heading text=&#8221;\u00bfCon qui\u00e9n compartimos su informaci\u00f3n personal y para qu\u00e9 fines?&#8221; font_container=&#8221;tag:h5|font_size:15|text_align:left|color:%23063c58|line_height:20px&#8221; google_fonts=&#8221;font_family:Averia%20Serif%20Libre%3A300%2C300italic%2Cregular%2Citalic%2C700%2C700italic|font_style:700%20bold%20regular%3A700%3Anormal&#8221; el_id=&#8221;ID_16037538875f97579f8838f&#8221; font_container_tabled=&#8221;text_align:left&#8221; font_container_mobil=&#8221;text_align:left&#8221;][vc_column_text google_fonts=&#8221;font_family:Averia%20Serif%20Libre%3A300%2C300italic%2Cregular%2Citalic%2C700%2C700italic|font_style:300%20light%20regular%3A300%3Anormal&#8221; el_id=&#8221;ID_16039140145f99c91e00ecd&#8221; font_container=&#8221;font_size:17|color:%23063c58|line_height:20px&#8221; el_class=&#8221;averia&#8221;]<\/p>\n<p style=\"text-align: left;\">Le informamos que sus datos personales son compartidos dentro y fuera del pa\u00eds con las siguientes personas, empresas, organizaciones o autoridades distintas a nosotros, para los siguientes fines:<\/p>\n<p style=\"text-align: left;\">Destinatario de los datos personales Finalidad Requiere del consentimiento<\/p>\n<p style=\"text-align: left;\">Dependencias de Gobierno Contestaci\u00f3n de requerimientos o cualquier otra informaci\u00f3n solicitada No<\/p>\n<p style=\"text-align: left;\">Entidad Mexicana de Acreditaci\u00f3n a.c. Acreditaci\u00f3n y vigilancia No<\/p>\n<p style=\"text-align: left;\">Auditores internos de la unidad de verificaci\u00f3n Realizar auditor\u00edas internas No<\/p>\n<p>[\/vc_column_text][vc_empty_space height=&#8221;6vh&#8221;][vc_custom_heading text=&#8221;\u00bfC\u00f3mo puede acceder, rectificar o cancelar sus datos personales, u oponerse a su uso?&#8221; font_container=&#8221;tag:h5|font_size:15|text_align:left|color:%23063c58|line_height:20px&#8221; google_fonts=&#8221;font_family:Averia%20Serif%20Libre%3A300%2C300italic%2Cregular%2Citalic%2C700%2C700italic|font_style:700%20bold%20regular%3A700%3Anormal&#8221; el_id=&#8221;ID_16037539315f9757cb73401&#8243; font_container_tabled=&#8221;text_align:left&#8221; font_container_mobil=&#8221;text_align:left&#8221;][vc_column_text google_fonts=&#8221;font_family:Averia%20Serif%20Libre%3A300%2C300italic%2Cregular%2Citalic%2C700%2C700italic|font_style:300%20light%20regular%3A300%3Anormal&#8221; el_id=&#8221;ID_16039140205f99c9242b5bb&#8221; font_container=&#8221;font_size:17|color:%23063c58|line_height:20px&#8221; el_class=&#8221;averia&#8221;]<\/p>\n<p style=\"text-align: left;\">Usted tiene derecho a conocer qu\u00e9 datos personales tenemos de usted, para qu\u00e9 los utilizamos y las condiciones del uso que les damos (Acceso). Asimismo, es su derecho solicitar la correcci\u00f3n de su informaci\u00f3n personal en caso de que est\u00e9 desactualizada, sea inexacta o incompleta (Rectificaci\u00f3n); que la eliminemos de nuestros registros o bases de datos cuando considere que la misma no est\u00e1 siendo utilizada adecuadamente (Cancelaci\u00f3n); as\u00ed como oponerse al uso de sus datos personales para fines espec\u00edficos (Oposici\u00f3n). Estos derechos se conocen como derechos ARCO.<\/p>\n<p>[\/vc_column_text][vc_empty_space height=&#8221;20px&#8221;][\/vc_column_inner][vc_column_inner width=&#8221;1\/12&#8243;][\/vc_column_inner][\/vc_row_inner][vc_row_inner][vc_column_inner width=&#8221;1\/12&#8243;][\/vc_column_inner][vc_column_inner width=&#8221;5\/12&#8243;][vc_column_text google_fonts=&#8221;font_family:Averia%20Serif%20Libre%3A300%2C300italic%2Cregular%2Citalic%2C700%2C700italic|font_style:300%20light%20regular%3A300%3Anormal&#8221; el_id=&#8221;ID_16039140255f99c9299fad0&#8243; font_container=&#8221;font_size:17|color:%23063c58|line_height:20px&#8221; el_class=&#8221;averia&#8221;]<\/p>\n<p style=\"text-align: left;\">Para el ejercicio de cualquiera de los <span style=\"font-weight: bold;\">derechos ARCO<\/span>, usted deber\u00e1 presentar la solicitud respectiva a trav\u00e9s del siguiente medio:<\/p>\n<p style=\"text-align: left;\">Correo electr\u00f3nico: avisodeprivacidad@frioexpress.com<\/p>\n<p>[\/vc_column_text][vc_empty_space height=&#8221;6vh&#8221;][vc_column_text google_fonts=&#8221;font_family:Averia%20Serif%20Libre%3A300%2C300italic%2Cregular%2Citalic%2C700%2C700italic|font_style:300%20light%20regular%3A300%3Anormal&#8221; el_id=&#8221;ID_16039140295f99c92d778c1&#8243; font_container=&#8221;font_size:17|color:%23063c58|line_height:20px&#8221; el_class=&#8221;averia&#8221;]Con relaci\u00f3n al procedimiento y requisitos para el ejercicio de sus derechos ARCO, le informamos lo siguiente:<\/p>\n<p>\u00bfA trav\u00e9s de qu\u00e9 medios pueden acreditar su identidad el titular y, en su caso, su representante, as\u00ed como la personalidad este \u00faltimo?<\/p>\n<p><span style=\"font-weight: bold;\">R<\/span>= De forma personal con Credencial de elector y Poder Notarial en su caso<\/p>\n<p>\u00bfQu\u00e9 informaci\u00f3n y\/o documentaci\u00f3n deber\u00e1 contener la solicitud?<\/p>\n<p><span style=\"font-weight: bold;\">R<\/span>= Nombre o Raz\u00f3n Social, RFC, Domicilio y dem\u00e1s relacionados.<\/p>\n<p>\u00bfEn cu\u00e1ntos d\u00edas le daremos respuesta a su solicitud?<\/p>\n<p><span style=\"font-weight: bold;\">R<\/span>= A la brevedad<\/p>\n<p>\u00bfPor qu\u00e9 medio le comunicaremos la respuesta a su solicitud?<\/p>\n<p><span style=\"font-weight: bold;\">R<\/span>= Correo electr\u00f3nico<\/p>\n<p>\u00bfEn qu\u00e9 medios se pueden reproducir los datos personales que, en su caso, solicite?<\/p>\n<p><span style=\"font-weight: bold;\">R<\/span>= Correo electr\u00f3nico[\/vc_column_text][\/vc_column_inner][vc_column_inner width=&#8221;5\/12&#8243;][vc_empty_space height=&#8221;20px&#8221;][vc_single_image image=&#8221;308&#8243; img_size=&#8221;full&#8221; css_animation=&#8221;fadeInRight&#8221; el_id=&#8221;ID_16039974345f9b0efa58925&#8243;][\/vc_column_inner][vc_column_inner width=&#8221;1\/12&#8243;][\/vc_column_inner][\/vc_row_inner][vc_row_inner][vc_column_inner width=&#8221;1\/12&#8243;][\/vc_column_inner][vc_column_inner width=&#8221;10\/12&#8243;][vc_empty_space height=&#8221;3vh&#8221;][vc_column_text google_fonts=&#8221;font_family:Averia%20Serif%20Libre%3A300%2C300italic%2Cregular%2Citalic%2C700%2C700italic|font_style:300%20light%20regular%3A300%3Anormal&#8221; el_id=&#8221;ID_16039140345f99c9329d425&#8243; font_container=&#8221;font_size:17|color:%23063c58|line_height:20px&#8221; el_class=&#8221;averia&#8221;]Los datos de contacto de la persona o departamento de datos personales, que est\u00e1 a cargo de dar tr\u00e1mite a las solicitudes de derechos ARCO, son los siguientes:<\/p>\n<p>Nombre de la persona o departamento de datos personales: Departamento de Recursos Humanos<\/p>\n<p>Domicilio: calle Gregorio Ruiz Velasco 204, colonia Ciudad Industrial, ciudad Aguascalientes, municipio o delegaci\u00f3n Aguascalientes, C.P. 20290, en la entidad de Aguascalientes, pa\u00eds M\u00e9xico<\/p>\n<p>Correo electr\u00f3nico: avisodeprivacidad@frioexpress.com<\/p>\n<p>N\u00famero telef\u00f3nico: 4499221300<\/p>\n<p>Usted puede revocar su consentimiento para el uso de sus datos personales[\/vc_column_text][vc_empty_space height=&#8221;6vh&#8221;][vc_column_text google_fonts=&#8221;font_family:Averia%20Serif%20Libre%3A300%2C300italic%2Cregular%2Citalic%2C700%2C700italic|font_style:300%20light%20regular%3A300%3Anormal&#8221; el_id=&#8221;ID_16039140385f99c93694240&#8243; font_container=&#8221;font_size:17|color:%23063c58|line_height:20px&#8221; el_class=&#8221;averia&#8221;]Usted puede revocar el consentimiento que, en su caso, nos haya otorgado para el tratamiento de sus datos personales. Sin embargo, es importante que tenga en cuenta que no en todos los casos podremos atender su solicitud o concluir el uso de forma inmediata, ya que es posible que por alguna obligaci\u00f3n legal requiramos seguir tratando sus datos personales. Asimismo, usted deber\u00e1 considerar que para ciertos fines, la revocaci\u00f3n de su consentimiento implicar\u00e1 que no le podamos seguir prestando el servicio que nos solicit\u00f3, o la conclusi\u00f3n de su relaci\u00f3n con nosotros.[\/vc_column_text][vc_empty_space height=&#8221;20px&#8221;][\/vc_column_inner][vc_column_inner width=&#8221;1\/12&#8243;][\/vc_column_inner][\/vc_row_inner][vc_row_inner][vc_column_inner width=&#8221;1\/12&#8243;][\/vc_column_inner][vc_column_inner width=&#8221;5\/12&#8243;][vc_column_text google_fonts=&#8221;font_family:Averia%20Serif%20Libre%3A300%2C300italic%2Cregular%2Citalic%2C700%2C700italic|font_style:300%20light%20regular%3A300%3Anormal&#8221; el_id=&#8221;ID_16039140435f99c93b3bb59&#8243; font_container=&#8221;font_size:17|color:%23063c58|line_height:20px&#8221; el_class=&#8221;averia&#8221;]<\/p>\n<p style=\"text-align: left;\">Para revocar su consentimiento deber\u00e1 presentar su solicitud a trav\u00e9s del siguiente medio:<\/p>\n<p style=\"text-align: left;\">Escrito libre que se entregue en el domicilio se\u00f1alado, o por correo electr\u00f3nico<\/p>\n<p>[\/vc_column_text][vc_empty_space height=&#8221;6vh&#8221;][vc_column_text google_fonts=&#8221;font_family:Averia%20Serif%20Libre%3A300%2C300italic%2Cregular%2Citalic%2C700%2C700italic|font_style:300%20light%20regular%3A300%3Anormal&#8221; el_id=&#8221;ID_16039140485f99c9406af83&#8243; font_container=&#8221;font_size:17|color:%23063c58|line_height:20px&#8221; el_class=&#8221;averia&#8221;]Con relaci\u00f3n al procedimiento y requisitos para la revocaci\u00f3n de su consentimiento, le informamos lo siguiente:<\/p>\n<p>\u00bfA trav\u00e9s de qu\u00e9 medios pueden acreditar su identidad el titular y, en su caso, su representante, as\u00ed como la personalidad este \u00faltimo?<\/p>\n<p>Presentaci\u00f3n directa con Credencial de Elector y Poder Notarial donde acredite personalidad en su caso.<\/p>\n<p>\u00bfQu\u00e9 informaci\u00f3n y\/o documentaci\u00f3n deber\u00e1 contener la solicitud? Nombre o Raz\u00f3n Social, RFC, Domicilio y dem\u00e1s relacionados.<\/p>\n<p>\u00bfEn cu\u00e1ntos d\u00edas le daremos respuesta a su solicitud? A la brevedad<\/p>\n<p>\u00bfPor qu\u00e9 medio le comunicaremos la respuesta a su solicitud? Correo electr\u00f3nico o v\u00eda telef\u00f3nica[\/vc_column_text][vc_empty_space height=&#8221;20px&#8221;][\/vc_column_inner][vc_column_inner width=&#8221;5\/12&#8243;][vc_single_image image=&#8221;307&#8243; img_size=&#8221;full&#8221; css_animation=&#8221;fadeInRight&#8221; el_id=&#8221;ID_16039974405f9b0f00d6511&#8243;][vc_empty_space height=&#8221;20px&#8221;][\/vc_column_inner][vc_column_inner width=&#8221;1\/12&#8243;][\/vc_column_inner][\/vc_row_inner][vc_row_inner][vc_column_inner width=&#8221;1\/12&#8243;][\/vc_column_inner][vc_column_inner width=&#8221;10\/12&#8243;][vc_column_text google_fonts=&#8221;font_family:Averia%20Serif%20Libre%3A300%2C300italic%2Cregular%2Citalic%2C700%2C700italic|font_style:300%20light%20regular%3A300%3Anormal&#8221; el_id=&#8221;ID_16039140535f99c94545740&#8243; font_container=&#8221;font_size:17|color:%23063c58|line_height:20px&#8221; el_class=&#8221;averia&#8221;]<\/p>\n<p style=\"text-align: left;\">Para mayor informaci\u00f3n sobre el procedimiento, ponemos a disposici\u00f3n los siguientes medios: Correo electr\u00f3nico donde puede solicitar dicha informaci\u00f3n.<\/p>\n<p style=\"text-align: left;\">\u00bfC\u00f3mo puede limitar el uso o divulgaci\u00f3n de su informaci\u00f3n personal?<\/p>\n<p style=\"text-align: left;\">El presente aviso de privacidad puede sufrir modificaciones, cambios o actualizaciones derivadas de nuevos requerimientos legales; de nuestras propias necesidades por los productos o servicios que ofrecemos; de nuestras pr\u00e1cticas de privacidad; de cambios en nuestro modelo de negocio, o por otras causas. Nos comprometemos a mantenerlo informado sobre los cambios que pueda sufrir el presente aviso de privacidad, a trav\u00e9s de: correo electr\u00f3nico. El procedimiento a trav\u00e9s del cual se llevar\u00e1n a cabo las notificaciones sobre cambios o actualizaciones al presente aviso de privacidad es el siguiente: correo electr\u00f3nico<\/p>\n<p>[\/vc_column_text][vc_empty_space height=&#8221;3vh&#8221;][vc_custom_heading text=&#8221;\u00bfEn qu\u00e9 casos no se solicitara consentimiento del titular para entregar informaci\u00f3n?&#8221; font_container=&#8221;tag:h5|font_size:15|text_align:left|color:%23063c58|line_height:20px&#8221; google_fonts=&#8221;font_family:Averia%20Serif%20Libre%3A300%2C300italic%2Cregular%2Citalic%2C700%2C700italic|font_style:700%20bold%20regular%3A700%3Anormal&#8221; el_id=&#8221;ID_16037548255f975b49035ac&#8221; font_container_tabled=&#8221;text_align:left&#8221; font_container_mobil=&#8221;text_align:left&#8221;][vc_column_text google_fonts=&#8221;font_family:Averia%20Serif%20Libre%3A300%2C300italic%2Cregular%2Citalic%2C700%2C700italic|font_style:300%20light%20regular%3A300%3Anormal&#8221; el_id=&#8221;ID_16039140575f99c949b6475&#8243; font_container=&#8221;font_size:17|color:%23063c58|line_height:20px&#8221; el_class=&#8221;averia&#8221;]<\/p>\n<p style=\"text-align: left;\">En los siguientes supuestos:<\/p>\n<p style=\"text-align: left;\">Cuando la transferencia est\u00e9 prevista en una Ley o Tratado en los que M\u00e9xico sea parte;<\/p>\n<p style=\"text-align: left;\">Cuando la transferencia sea necesaria para la prevenci\u00f3n o el diagn\u00f3stico m\u00e9dico, la prestaci\u00f3n de asistencia sanitaria, tratamiento m\u00e9dico o la gesti\u00f3n de servicios sanitarios;<\/p>\n<p style=\"text-align: left;\">Cuando la transferencia sea efectuada a sociedades contrliadoras, subsidiarias o afiliadas bajo el contrli com\u00fan del responsable, o a una sociedad matriz o a cualquier sociedad del mismo grupo del responsable que opere bajo los mismos procesos y pol\u00edticas internas;<\/p>\n<p style=\"text-align: left;\">Cuando la transferencia sea necesaria por virtud de un contrato celebrado o por celebrar en inter\u00e9s del titular, por el responsable y un tercero;<\/p>\n<p style=\"text-align: left;\">Cuando la transferencia sea necesaria o legalmente exigida para la salvaguarda de un inter\u00e9s p\u00fablico, o para la procuraci\u00f3n o administraci\u00f3n de justicia;<\/p>\n<p style=\"text-align: left;\">Cuando la transferencia sea precisa para el reconocimiento, ejercicio o defensa de un derecho en un proceso judicial, y<\/p>\n<p style=\"text-align: left;\">Cuando la transferencia sea precisa para el mantenimiento o cumplimiento de una relaci\u00f3n jur\u00eddica entre el responsable y el titular.<\/p>\n<p>[\/vc_column_text][\/vc_column_inner][vc_column_inner width=&#8221;1\/12&#8243;][\/vc_column_inner][\/vc_row_inner][vc_empty_space height=&#8221;2vh&#8221;][\/vc_column][\/vc_row][vc_row][vc_column][vc_empty_space height=&#8221;6vh&#8221;][vc_btn title=&#8221;VOLVER A HOME&#8221; style=&#8221;flat&#8221; shape=&#8221;square&#8221; size=&#8221;lg&#8221; align=&#8221;center&#8221; link=&#8221;url:https%3A%2F%2Fwww.frioexpress.com%2Fsite%2F|title:Inicio||&#8221;][vc_empty_space height=&#8221;6vh&#8221;][\/vc_column][\/vc_row]<\/p>\n","protected":false},"excerpt":{"rendered":"<p>[vc_row full_height=&#8221;yes&#8221; content_placement=&#8221;middle&#8221; css=&#8221;.vc_custom_1626810685541{background-image: url(https:\/\/www.frioexpress.com\/site\/wp-content\/uploads\/2020\/10\/Group-69.png?id=305) !important;background-position: center !important;background-repeat: no-repeat !important;background-size: cover !important;}&#8221; el_class=&#8221;vc_hidden-sm vc_hidden-xs&#8221;][vc_column width=&#8221;1\/4&#8243;][\/vc_column][vc_column width=&#8221;1\/2&#8243;][vc_column_text use_theme_fonts=&#8221;yes&#8221; el_id=&#8221;ID_1613684704602edfe0649b4&#8243; font_container=&#8221;font_size:35|color:%23ffffff&#8221; css=&#8221;.vc_custom_1613684718597{padding-top: 2% !important;padding-right: 15% !important;padding-bottom: 2%<\/p>\n","protected":false},"author":1,"featured_media":0,"parent":0,"menu_order":0,"comment_status":"closed","ping_status":"closed","template":"","meta":{"om_disable_all_campaigns":false,"_monsterinsights_skip_tracking":false,"_monsterinsights_sitenote_active":false,"_monsterinsights_sitenote_note":"","_monsterinsights_sitenote_category":0},"aioseo_notices":[],"_links":{"self":[{"href":"https:\/\/www.frioexpress.com\/site\/wp-json\/wp\/v2\/pages\/232"}],"collection":[{"href":"https:\/\/www.frioexpress.com\/site\/wp-json\/wp\/v2\/pages"}],"about":[{"href":"https:\/\/www.frioexpress.com\/site\/wp-json\/wp\/v2\/types\/page"}],"author":[{"embeddable":true,"href":"https:\/\/www.frioexpress.com\/site\/wp-json\/wp\/v2\/users\/1"}],"replies":[{"embeddable":true,"href":"https:\/\/www.frioexpress.com\/site\/wp-json\/wp\/v2\/comments?post=232"}],"version-history":[{"count":16,"href":"https:\/\/www.frioexpress.com\/site\/wp-json\/wp\/v2\/pages\/232\/revisions"}],"predecessor-version":[{"id":1011,"href":"https:\/\/www.frioexpress.com\/site\/wp-json\/wp\/v2\/pages\/232\/revisions\/1011"}],"wp:attachment":[{"href":"https:\/\/www.frioexpress.com\/site\/wp-json\/wp\/v2\/media?parent=232"}],"curies":[{"name":"wp","href":"https:\/\/api.w.org\/{rel}","templated":true}]}}