{"id":234,"date":"2020-10-23T14:56:25","date_gmt":"2020-10-23T19:56:25","guid":{"rendered":"http:\/\/clientes.grupoendor.com\/frioexpress\/?page_id=234"},"modified":"2021-02-24T16:09:14","modified_gmt":"2021-02-24T22:09:14","slug":"declaracion-de-compromiso-con-la-imparcialidad","status":"publish","type":"page","link":"https:\/\/www.frioexpress.com\/site\/declaracion-de-compromiso-con-la-imparcialidad\/","title":{"rendered":"Declaraci\u00f3n de compromiso con la imparcialidad"},"content":{"rendered":"<p>[vc_row full_height=&#8221;yes&#8221; content_placement=&#8221;middle&#8221; css=&#8221;.vc_custom_1614204530071{background-image: url(http:\/\/clientes.grupoendor.com\/frioexpress\/wp-content\/uploads\/2020\/10\/Group-68.png?id=252) !important;background-position: center !important;background-repeat: no-repeat !important;background-size: cover !important;}&#8221; el_class=&#8221;vc_hidden-sm vc_hidden-xs&#8221;][vc_column width=&#8221;1\/4&#8243;][\/vc_column][vc_column width=&#8221;1\/2&#8243;][vc_column_text use_theme_fonts=&#8221;yes&#8221; el_id=&#8221;ID_1613684783602ee02fdab4e&#8221; font_container=&#8221;font_size:35|color:%23ffffff&#8221; css=&#8221;.vc_custom_1613684794724{padding-top: 2% !important;padding-right: 5% !important;padding-bottom: 2% !important;padding-left: 5% !important;background-color: rgba(255,255,255,0.55) !important;*background-color: rgb(255,255,255) !important;}&#8221;]<\/p>\n<h1 style=\"text-align: center;\">DECLARACI\u00d3N DE COMPROMISO CON LA IMPARCIALIDAD<\/h1>\n<p>[\/vc_column_text][\/vc_column][vc_column width=&#8221;1\/4&#8243;][\/vc_column][\/vc_row][vc_row content_placement=&#8221;middle&#8221; css=&#8221;.vc_custom_1614204537827{background-image: url(http:\/\/clientes.grupoendor.com\/frioexpress\/wp-content\/uploads\/2020\/10\/Group-68.png?id=252) !important;background-position: center !important;background-repeat: no-repeat !important;background-size: cover !important;}&#8221; el_class=&#8221;vc_hidden-md vc_hidden-lg&#8221;][vc_column width=&#8221;1\/6&#8243;][\/vc_column][vc_column width=&#8221;2\/3&#8243;][vc_empty_space height=&#8221;12.5vh&#8221;][vc_column_text use_theme_fonts=&#8221;yes&#8221; el_id=&#8221;ID_16142045496036ce8588e0b&#8221; font_container=&#8221;font_size:35|color:%23ffffff&#8221; css=&#8221;.vc_custom_1614204552172{padding-top: 2% !important;padding-bottom: 2% !important;background-color: rgba(255,255,255,0.55) !important;*background-color: rgb(255,255,255) !important;}&#8221;]<\/p>\n<h1 style=\"text-align: center;\">DECLARACI\u00d3N DE COMPROMISO CON LA IMPARCIALIDAD<\/h1>\n<p>[\/vc_column_text][vc_empty_space height=&#8221;12.5vh&#8221;][\/vc_column][vc_column width=&#8221;1\/6&#8243;][\/vc_column][\/vc_row][vc_row][vc_column][vc_empty_space height=&#8221;10vh&#8221;][vc_row_inner][vc_column_inner width=&#8221;1\/12&#8243;][\/vc_column_inner][vc_column_inner width=&#8221;10\/12&#8243;][vc_column_text google_fonts=&#8221;font_family:Averia%20Serif%20Libre%3A300%2C300italic%2Cregular%2Citalic%2C700%2C700italic|font_style:700%20bold%20regular%3A700%3Anormal&#8221; el_id=&#8221;ID_16039140865f99c966c404f&#8221; font_container=&#8221;font_size:17|color:%23063c58|line_height:20px&#8221; el_class=&#8221;averia&#8221;]El que suscribe Director General de la Unidad de Verificaci\u00f3n, manifiesto no tener conflicto de intereses con los clientes y proveedores, que soliciten y brinden servicios, para la unidad de verificaci\u00f3n, desempe\u00f1ando mis funciones y responsabilidades, as\u00ed como lo establece el Manual de Calidad, por lo que bajo protesta de decir verdad declaro:<\/p>\n<p>&nbsp;<\/p>\n<p>&nbsp;<\/p>\n<p>Comprometerme con la Imparcialidad de los trabajos de verificaci\u00f3n de intereses internos y externos, gestionando que no exista conflicto de intereses en las actividades de verificaci\u00f3n.<\/p>\n<p>Salvaguardar la confidencialidad de la informaci\u00f3n a la que se tenga acceso en el desempe\u00f1o de las actividades de verificaci\u00f3n.<\/p>\n<p>Comprometerme con el desarrollo y la implementaci\u00f3n del sistema de gesti\u00f3n buscando alcanzar el eficaz cumplimiento coherente de esta Norma Mexicana.<\/p>\n<p>Vigilar las actividades de verificaci\u00f3n de su personal en la Unidad de Verificaci\u00f3n.<\/p>\n<p>Vigilar la adecuada Orientaci\u00f3n a nuestros clientes.<\/p>\n<p>Vigilar el adecuado servicio de nuestros proveedores.<\/p>\n<p>Vigilar las actividades de verificaci\u00f3n del personal t\u00e9cnico de la unidad de verificaci\u00f3n, as\u00ed como por los dict\u00e1menes t\u00e9cnicos emitidos como resultado de las labores de verificaci\u00f3n.<\/p>\n<p>Proteger la informaci\u00f3n, cumpliendo con el procedimiento de control de documentos que se establece en el manual de calidad.<\/p>\n<p>Conducirme de manera imparcial y no discriminatoria en el manejo del procedimiento de quejas y apelaciones.[\/vc_column_text][\/vc_column_inner][vc_column_inner width=&#8221;1\/12&#8243;][\/vc_column_inner][\/vc_row_inner][vc_empty_space height=&#8221;10vh&#8221;][\/vc_column][\/vc_row][vc_row][vc_column][vc_btn title=&#8221;VOLVER A HOME&#8221; style=&#8221;flat&#8221; shape=&#8221;square&#8221; size=&#8221;lg&#8221; align=&#8221;center&#8221; link=&#8221;url:http%3A%2F%2Fclientes.grupoendor.com%2Ffrioexpress%2F|title:Inicio||&#8221;][vc_empty_space height=&#8221;2vh&#8221;][\/vc_column][\/vc_row][vc_row][vc_column css_animation=&#8221;fadeInUp&#8221; css=&#8221;.vc_custom_1603997066836{margin-top: 0px !important;margin-right: 0px !important;margin-bottom: 0px !important;margin-left: 0px !important;padding-top: 0px !important;padding-right: 0px !important;padding-bottom: 0px !important;padding-left: 0px !important;}&#8221;][vc_single_image image=&#8221;246&#8243; img_size=&#8221;full&#8221; alignment=&#8221;center&#8221; el_id=&#8221;ID_16034879585f9348d65b2d8&#8243;][\/vc_column][\/vc_row]<\/p>\n","protected":false},"excerpt":{"rendered":"<p>[vc_row full_height=&#8221;yes&#8221; content_placement=&#8221;middle&#8221; css=&#8221;.vc_custom_1614204530071{background-image: url(http:\/\/clientes.grupoendor.com\/frioexpress\/wp-content\/uploads\/2020\/10\/Group-68.png?id=252) !important;background-position: center !important;background-repeat: no-repeat !important;background-size: cover !important;}&#8221; el_class=&#8221;vc_hidden-sm vc_hidden-xs&#8221;][vc_column width=&#8221;1\/4&#8243;][\/vc_column][vc_column width=&#8221;1\/2&#8243;][vc_column_text use_theme_fonts=&#8221;yes&#8221; el_id=&#8221;ID_1613684783602ee02fdab4e&#8221; font_container=&#8221;font_size:35|color:%23ffffff&#8221; css=&#8221;.vc_custom_1613684794724{padding-top: 2% !important;padding-right: 5% !important;padding-bottom: 2%<\/p>\n","protected":false},"author":1,"featured_media":0,"parent":0,"menu_order":0,"comment_status":"closed","ping_status":"closed","template":"","meta":{"om_disable_all_campaigns":false,"_monsterinsights_skip_tracking":false,"_monsterinsights_sitenote_active":false,"_monsterinsights_sitenote_note":"","_monsterinsights_sitenote_category":0},"aioseo_notices":[],"_links":{"self":[{"href":"https:\/\/www.frioexpress.com\/site\/wp-json\/wp\/v2\/pages\/234"}],"collection":[{"href":"https:\/\/www.frioexpress.com\/site\/wp-json\/wp\/v2\/pages"}],"about":[{"href":"https:\/\/www.frioexpress.com\/site\/wp-json\/wp\/v2\/types\/page"}],"author":[{"embeddable":true,"href":"https:\/\/www.frioexpress.com\/site\/wp-json\/wp\/v2\/users\/1"}],"replies":[{"embeddable":true,"href":"https:\/\/www.frioexpress.com\/site\/wp-json\/wp\/v2\/comments?post=234"}],"version-history":[{"count":13,"href":"https:\/\/www.frioexpress.com\/site\/wp-json\/wp\/v2\/pages\/234\/revisions"}],"predecessor-version":[{"id":799,"href":"https:\/\/www.frioexpress.com\/site\/wp-json\/wp\/v2\/pages\/234\/revisions\/799"}],"wp:attachment":[{"href":"https:\/\/www.frioexpress.com\/site\/wp-json\/wp\/v2\/media?parent=234"}],"curies":[{"name":"wp","href":"https:\/\/api.w.org\/{rel}","templated":true}]}}