{"id":4,"date":"2020-10-21T11:33:52","date_gmt":"2020-10-21T16:33:52","guid":{"rendered":"http:\/\/clientes.grupoendor.com\/frioexpress\/?page_id=4"},"modified":"2024-04-11T10:06:33","modified_gmt":"2024-04-11T16:06:33","slug":"inicio","status":"publish","type":"page","link":"https:\/\/www.frioexpress.com\/site\/","title":{"rendered":"Inicio"},"content":{"rendered":"<p>[vc_row awb_type=&#8221;video&#8221; awb_stretch=&#8221;1&#8243; css=&#8221;.vc_custom_1626464485519{margin-top: 0px !important;margin-right: 0px !important;margin-bottom: 0px !important;margin-left: 0px !important;padding-top: 0px !important;padding-right: 0px !important;padding-bottom: 0px !important;padding-left: 0px !important;background-position: center !important;background-repeat: no-repeat !important;background-size: cover !important;}&#8221; el_class=&#8221;vc_hidden-sm vc_hidden-xs&#8221; awb_video_mp4=&#8221;700&#8243;][vc_column][vc_empty_space height=&#8221;70vh&#8221;][\/vc_column][\/vc_row][vc_row awb_type=&#8221;image&#8221; awb_stretch=&#8221;1&#8243; awb_image_background_position=&#8221;50% 50%&#8221; el_class=&#8221;vc_hidden-md vc_hidden-lg&#8221; css=&#8221;.vc_custom_1626464212572{background-position: center !important;background-repeat: no-repeat !important;background-size: cover !important;}&#8221; awb_image=&#8221;816&#8243;][vc_column][vc_empty_space height=&#8221;25vh&#8221;][\/vc_column][\/vc_row][vc_row content_placement=&#8221;middle&#8221; css=&#8221;.vc_custom_1603742218518{margin-top: 0px !important;margin-right: 0px !important;margin-bottom: 0px !important;margin-left: 0px !important;padding-top: 0px !important;padding-right: 0px !important;padding-bottom: 0px !important;padding-left: 0px !important;background-color: #e8f5fb !important;background-position: center !important;background-repeat: no-repeat !important;background-size: cover !important;}&#8221;][vc_column width=&#8221;1\/6&#8243;][\/vc_column][vc_column css_animation=&#8221;fadeIn&#8221; width=&#8221;2\/3&#8243;][vc_empty_space height=&#8221;5vh&#8221;][vc_column_text el_id=&#8221;ID_1613667159602e9b57070fd&#8221; font_container=&#8221;font_size:30|color:%2307487e&#8221; css=&#8221;.vc_custom_1613667167317{margin-right: 8% !important;margin-left: 8% !important;}&#8221; font_container_tabled=&#8221;font_size:20px&#8221; font_container_mobil=&#8221;font_size:20px&#8221; el_class=&#8221;karla&#8221;]<\/p>\n<h2 style=\"text-align: center;\">TRANSPORTAMOS TU CARGA<\/h2>\n<h2 style=\"text-align: center;\">COMO SI FUERA NUESTRA<\/h2>\n<p>[\/vc_column_text][\/vc_column][vc_column width=&#8221;1\/6&#8243;][\/vc_column][\/vc_row][vc_row content_placement=&#8221;middle&#8221; css=&#8221;.vc_custom_1603742218518{margin-top: 0px !important;margin-right: 0px !important;margin-bottom: 0px !important;margin-left: 0px !important;padding-top: 0px !important;padding-right: 0px !important;padding-bottom: 0px !important;padding-left: 0px !important;background-color: #e8f5fb !important;background-position: center !important;background-repeat: no-repeat !important;background-size: cover !important;}&#8221;][vc_column width=&#8221;1\/4&#8243;][\/vc_column][vc_column css_animation=&#8221;fadeIn&#8221; width=&#8221;1\/2&#8243;][vc_empty_space height=&#8221;27px&#8221;][vc_column_text google_fonts=&#8221;font_family:Averia%20Serif%20Libre%3A300%2C300italic%2Cregular%2Citalic%2C700%2C700italic|font_style:300%20light%20regular%3A300%3Anormal&#8221; el_id=&#8221;ID_16039114455f99bf150195f&#8221; font_container=&#8221;font_size:17|color:%234c758b|line_height:25px&#8221; el_class=&#8221;averia&#8221;]<\/p>\n<p style=\"text-align: center;\"><span style=\"font-weight: bold;\">La confiabilidad<\/span> de nuestro servicio se basa en la excelencia de nuestras operaciones. Nos sustentamos en sistemas de control y despacho sofisticados a la par de tecnolog\u00eda en telecomunicaciones para maximizar <span style=\"font-weight: bold;\">la \u200beficiencia y calidad en tiempo real\u200b.<\/span><\/p>\n<p>[\/vc_column_text][vc_empty_space height=&#8221;5vh&#8221;][\/vc_column][vc_column width=&#8221;1\/4&#8243;][\/vc_column][\/vc_row][vc_row css_animation=&#8221;fadeIn&#8221; el_class=&#8221;vc_hidden-sm vc_hidden-xs&#8221;][vc_column css_animation=&#8221;fadeIn&#8221;][vc_empty_space height=&#8221;10vh&#8221;][vc_btn title=&#8221;\u00a1CONT\u00c1CTANOS!&#8221; style=&#8221;flat&#8221; shape=&#8221;square&#8221; size=&#8221;lg&#8221; align=&#8221;center&#8221; link=&#8221;url:https%3A%2F%2Fwww.frioexpress.com%2Fsite%2Fcotizador%2F|title:Cotizador||&#8221;][vc_empty_space height=&#8221;10vh&#8221;][vc_row_inner equal_height=&#8221;yes&#8221; content_placement=&#8221;bottom&#8221;][vc_column_inner width=&#8221;1\/3&#8243;][vc_column_text google_fonts=&#8221;font_family:Karla%3Aregular%2Citalic%2C700%2C700italic|font_style:700%20bold%20regular%3A700%3Anormal&#8221; el_id=&#8221;ID_16039114545f99bf1e1cdc1&#8243; font_container=&#8221;font_size:17|color:%23063c58&#8243; css=&#8221;.vc_custom_1603911458510{padding-right: 30% !important;padding-left: 30% !important;}&#8221;]<\/p>\n<p style=\"text-align: center;\"><span style=\"font-weight: bold;\">M\u00c1S DE 630 OPERADORES PROFESIONALES<\/span><\/p>\n<p>[\/vc_column_text][\/vc_column_inner][vc_column_inner width=&#8221;1\/3&#8243;][vc_column_text google_fonts=&#8221;font_family:Karla%3Aregular%2Citalic%2C700%2C700italic|font_style:700%20bold%20regular%3A700%3Anormal&#8221; el_id=&#8221;ID_16039114595f99bf2316077&#8243; font_container=&#8221;font_size:17|color:%23063c58&#8243; css=&#8221;.vc_custom_1603911463039{padding-right: 30% !important;padding-left: 30% !important;}&#8221;]<\/p>\n<p style=\"text-align: center;\"><span style=\"font-weight: bold;\">EMPRESA<br \/>\n100% MEXICANA<br \/>\n100% HIDROC\u00c1LIDA<\/span>[\/vc_column_text][\/vc_column_inner][vc_column_inner width=&#8221;1\/3&#8243;][vc_column_text google_fonts=&#8221;font_family:Karla%3Aregular%2Citalic%2C700%2C700italic|font_style:700%20bold%20regular%3A700%3Anormal&#8221; el_id=&#8221;ID_16039114635f99bf2778533&#8243; font_container=&#8221;font_size:17|color:%23063c58&#8243;]<\/p>\n<p style=\"text-align: center;\"><span style=\"font-weight: bold;\">2 SEDES PRINCIPALES<br \/>\nAGUASCALIENTES Y NUEVO LAREDO,<br \/>\nTAMAULIPAS<\/span>[\/vc_column_text][\/vc_column_inner][\/vc_row_inner][vc_empty_space height=&#8221;5vh&#8221;][vc_row_inner equal_height=&#8221;yes&#8221;][vc_column_inner width=&#8221;1\/3&#8243;][vc_single_image image=&#8221;51&#8243; img_size=&#8221;full&#8221; alignment=&#8221;center&#8221; el_id=&#8221;ID_16039053535f99a7490ed3b&#8221; el_class=&#8221;zoom&#8221;][\/vc_column_inner][vc_column_inner width=&#8221;1\/3&#8243;][vc_single_image image=&#8221;56&#8243; img_size=&#8221;full&#8221; alignment=&#8221;center&#8221; el_id=&#8221;ID_16039054105f99a782993d4&#8243; el_class=&#8221;zoom&#8221;][\/vc_column_inner][vc_column_inner width=&#8221;1\/3&#8243;][vc_single_image image=&#8221;57&#8243; img_size=&#8221;full&#8221; alignment=&#8221;center&#8221; el_id=&#8221;ID_16039054165f99a78870ea9&#8243; el_class=&#8221;zoom&#8221;][\/vc_column_inner][\/vc_row_inner][vc_empty_space height=&#8221;5vh&#8221;][vc_row_inner equal_height=&#8221;yes&#8221; content_placement=&#8221;bottom&#8221;][vc_column_inner width=&#8221;1\/3&#8243;][vc_column_text google_fonts=&#8221;font_family:Karla%3Aregular%2Citalic%2C700%2C700italic|font_style:700%20bold%20regular%3A700%3Anormal&#8221; el_id=&#8221;ID_171285156066180a6841f4a&#8221; font_container=&#8221;font_size:17|color:%23063c58&#8243; css=&#8221;.vc_custom_1712851563852{padding-right: 20% !important;padding-left: 20% !important;}&#8221;]<\/p>\n<p style=\"text-align: center;\"><span style=\"font-weight: bold;\">44 A\u00d1OS DE EXPERIENCIA EN EL RAMO DEL TRANSPORTE<\/span><\/p>\n<p>[\/vc_column_text][\/vc_column_inner][vc_column_inner width=&#8221;1\/3&#8243;][vc_column_text google_fonts=&#8221;font_family:Karla%3Aregular%2Citalic%2C700%2C700italic|font_style:700%20bold%20regular%3A700%3Anormal&#8221; el_id=&#8221;ID_16039114735f99bf31ef160&#8243; font_container=&#8221;font_size:17|color:%23063c58&#8243; css=&#8221;.vc_custom_1603911477334{padding-right: 20% !important;padding-left: 20% !important;}&#8221;]<\/p>\n<p style=\"text-align: center;\"><span style=\"font-weight: bold;\">LA FLOTA M\u00c1S MODERNA<\/span><br \/>\n<span style=\"font-weight: bold;\">Y M\u00c1S GRANDE DE REFRIGERADO EN M\u00c9XICO<\/span>[\/vc_column_text][\/vc_column_inner][vc_column_inner width=&#8221;1\/3&#8243;][vc_column_text google_fonts=&#8221;font_family:Karla%3Aregular%2Citalic%2C700%2C700italic|font_style:700%20bold%20regular%3A700%3Anormal&#8221; el_id=&#8221;ID_16063285515fbea0e7dcd80&#8243; font_container=&#8221;font_size:17|color:%23063c58&#8243;]<\/p>\n<p style=\"text-align: center;\"><span style=\"font-weight: bold;\">M\u00c1S DE 600 TRACTOCAMIONES<\/span><br \/>\n<span style=\"font-weight: bold;\">M\u00c1S DE 800 REMOLQUES<\/span><br \/>\n<span style=\"font-weight: bold;\">DE 53 PIES<\/span>[\/vc_column_text][\/vc_column_inner][\/vc_row_inner][vc_empty_space height=&#8221;5vh&#8221;][vc_row_inner equal_height=&#8221;yes&#8221;][vc_column_inner width=&#8221;1\/3&#8243;][vc_single_image image=&#8221;58&#8243; img_size=&#8221;full&#8221; alignment=&#8221;center&#8221; el_id=&#8221;ID_16039054265f99a792ef446&#8243; el_class=&#8221;zoom&#8221;][\/vc_column_inner][vc_column_inner width=&#8221;1\/3&#8243;][vc_single_image image=&#8221;54&#8243; img_size=&#8221;full&#8221; alignment=&#8221;center&#8221; el_id=&#8221;ID_16039054335f99a79995fb0&#8243; el_class=&#8221;zoom&#8221;][\/vc_column_inner][vc_column_inner width=&#8221;1\/3&#8243;][vc_single_image image=&#8221;55&#8243; img_size=&#8221;full&#8221; alignment=&#8221;center&#8221; el_id=&#8221;ID_16039054395f99a79f82457&#8243; el_class=&#8221;zoom&#8221;][\/vc_column_inner][\/vc_row_inner][vc_empty_space height=&#8221;20vh&#8221;][\/vc_column][\/vc_row][vc_row css_animation=&#8221;fadeIn&#8221; el_class=&#8221;vc_hidden-md vc_hidden-lg&#8221;][vc_column css_animation=&#8221;fadeIn&#8221;][vc_empty_space height=&#8221;10vh&#8221;][vc_btn title=&#8221;\u00a1CONT\u00c1CTANOS!&#8221; style=&#8221;flat&#8221; shape=&#8221;square&#8221; size=&#8221;lg&#8221; align=&#8221;center&#8221; link=&#8221;url:http%3A%2F%2Fclientes.grupoendor.com%2Ffrioexpress%2Fcotizador%2F|title:Cotizador||&#8221;][vc_empty_space height=&#8221;10vh&#8221;][vc_row_inner equal_height=&#8221;yes&#8221; content_placement=&#8221;bottom&#8221;][vc_column_inner][vc_single_image image=&#8221;51&#8243; img_size=&#8221;full&#8221; alignment=&#8221;center&#8221; el_id=&#8221;ID_16039053535f99a7490ed3b&#8221; el_class=&#8221;zoom&#8221;][vc_empty_space height=&#8221;2vh&#8221;][vc_column_text google_fonts=&#8221;font_family:Karla%3Aregular%2Citalic%2C700%2C700italic|font_style:700%20bold%20regular%3A700%3Anormal&#8221; el_id=&#8221;ID_16039114545f99bf1e1cdc1&#8243; font_container=&#8221;font_size:17|color:%23063c58&#8243; css=&#8221;.vc_custom_1603911458510{padding-right: 30% !important;padding-left: 30% !important;}&#8221;]<\/p>\n<p style=\"text-align: center;\"><span style=\"font-weight: bold;\">M\u00c1S DE 630 OPERADORES PROFESIONALES<\/span><\/p>\n<p>[\/vc_column_text][vc_empty_space height=&#8221;5vh&#8221;][vc_single_image image=&#8221;56&#8243; img_size=&#8221;full&#8221; alignment=&#8221;center&#8221; el_id=&#8221;ID_16039054105f99a782993d4&#8243; el_class=&#8221;zoom&#8221;][vc_empty_space height=&#8221;2vh&#8221;][vc_column_text google_fonts=&#8221;font_family:Karla%3Aregular%2Citalic%2C700%2C700italic|font_style:700%20bold%20regular%3A700%3Anormal&#8221; el_id=&#8221;ID_16039114595f99bf2316077&#8243; font_container=&#8221;font_size:17|color:%23063c58&#8243; css=&#8221;.vc_custom_1603911463039{padding-right: 30% !important;padding-left: 30% !important;}&#8221;]<\/p>\n<p style=\"text-align: center;\"><span style=\"font-weight: bold;\">EMPRESA<br \/>\n100% MEXICANA<br \/>\n100% HIDROC\u00c1LIDA<\/span>[\/vc_column_text][vc_empty_space height=&#8221;5vh&#8221;][vc_single_image image=&#8221;57&#8243; img_size=&#8221;full&#8221; alignment=&#8221;center&#8221; el_id=&#8221;ID_16039054165f99a78870ea9&#8243; el_class=&#8221;zoom&#8221;][vc_empty_space height=&#8221;2vh&#8221;][vc_column_text google_fonts=&#8221;font_family:Karla%3Aregular%2Citalic%2C700%2C700italic|font_style:700%20bold%20regular%3A700%3Anormal&#8221; el_id=&#8221;ID_16039114635f99bf2778533&#8243; font_container=&#8221;font_size:17|color:%23063c58&#8243;]<\/p>\n<p style=\"text-align: center;\"><span style=\"font-weight: bold;\">2 SEDES PRINCIPALES<br \/>\nAGUASCALIENTES Y NUEVO LAREDO,<br \/>\nTAMAULIPAS<\/span>[\/vc_column_text][\/vc_column_inner][\/vc_row_inner][vc_empty_space height=&#8221;5vh&#8221;][vc_row_inner equal_height=&#8221;yes&#8221; content_placement=&#8221;bottom&#8221;][vc_column_inner][vc_single_image image=&#8221;58&#8243; img_size=&#8221;full&#8221; alignment=&#8221;center&#8221; el_id=&#8221;ID_16039054265f99a792ef446&#8243; el_class=&#8221;zoom&#8221;][vc_empty_space height=&#8221;2vh&#8221;][vc_column_text google_fonts=&#8221;font_family:Karla%3Aregular%2Citalic%2C700%2C700italic|font_style:700%20bold%20regular%3A700%3Anormal&#8221; el_id=&#8221;ID_171285157666180a78e41a1&#8243; font_container=&#8221;font_size:17|color:%23063c58&#8243; css=&#8221;.vc_custom_1712851580187{padding-right: 20% !important;padding-left: 20% !important;}&#8221;]<\/p>\n<p style=\"text-align: center;\"><span style=\"font-weight: bold;\">44 A\u00d1OS DE EXPERIENCIA EN EL RAMO DEL TRANSPORTE<\/span><\/p>\n<p>[\/vc_column_text][vc_empty_space height=&#8221;5vh&#8221;][vc_single_image image=&#8221;54&#8243; img_size=&#8221;full&#8221; alignment=&#8221;center&#8221; el_id=&#8221;ID_16039054335f99a79995fb0&#8243; el_class=&#8221;zoom&#8221;][vc_empty_space height=&#8221;2vh&#8221;][vc_column_text google_fonts=&#8221;font_family:Karla%3Aregular%2Citalic%2C700%2C700italic|font_style:700%20bold%20regular%3A700%3Anormal&#8221; el_id=&#8221;ID_16039114735f99bf31ef160&#8243; font_container=&#8221;font_size:17|color:%23063c58&#8243; css=&#8221;.vc_custom_1603911477334{padding-right: 20% !important;padding-left: 20% !important;}&#8221;]<\/p>\n<p style=\"text-align: center;\"><span style=\"font-weight: bold;\">LA FLOTA M\u00c1S MODERNA<\/span><br \/>\n<span style=\"font-weight: bold;\">Y M\u00c1S GRANDE DE REFRIGERADO EN M\u00c9XICO<\/span>[\/vc_column_text][vc_empty_space height=&#8221;5vh&#8221;][vc_single_image image=&#8221;55&#8243; img_size=&#8221;full&#8221; alignment=&#8221;center&#8221; el_id=&#8221;ID_16039054395f99a79f82457&#8243; el_class=&#8221;zoom&#8221;][vc_empty_space height=&#8221;2vh&#8221;][vc_column_text google_fonts=&#8221;font_family:Karla%3Aregular%2Citalic%2C700%2C700italic|font_style:700%20bold%20regular%3A700%3Anormal&#8221; el_id=&#8221;ID_16039114775f99bf35b2963&#8243; font_container=&#8221;font_size:17|color:%23063c58&#8243;]<\/p>\n<p style=\"text-align: center;\"><span style=\"font-weight: bold;\">M\u00c1S DE 600 TRACTOCAMIONES<\/span><br \/>\n<span style=\"font-weight: bold;\">M\u00c1S DE 800 REMOLQUES<\/span><br \/>\n<span style=\"font-weight: bold;\">DE 53 pies<\/span>[\/vc_column_text][\/vc_column_inner][\/vc_row_inner][vc_empty_space height=&#8221;5vh&#8221;][\/vc_column][\/vc_row][vc_row equal_height=&#8221;yes&#8221; content_placement=&#8221;middle&#8221; css_animation=&#8221;fadeIn&#8221; css=&#8221;.vc_custom_1604007450517{background-position: center !important;background-repeat: no-repeat !important;background-size: cover !important;}&#8221; el_class=&#8221;vc_hidden-sm vc_hidden-xs&#8221;][vc_column css_animation=&#8221;slideInLeft&#8221; width=&#8221;1\/2&#8243; css=&#8221;.vc_custom_1603904916805{background-color: #e8f5fb !important;}&#8221;][vc_custom_heading text=&#8221;LOCALIZACI\u00d3N SATELITAL&#8221; font_container=&#8221;tag:h2|font_size:35|text_align:center|color:%23063c58&#8243; google_fonts=&#8221;font_family:Karla%3Aregular%2Citalic%2C700%2C700italic|font_style:700%20bold%20regular%3A700%3Anormal&#8221; el_id=&#8221;ID_16037576305f97663e5f610&#8243; font_container_tabled=&#8221;text_align:left&#8221; font_container_mobil=&#8221;text_align:left&#8221; el_class=&#8221;karla&#8221;][vc_empty_space height=&#8221;5vh&#8221;][vc_column_text google_fonts=&#8221;font_family:Averia%20Serif%20Libre%3A300%2C300italic%2Cregular%2Citalic%2C700%2C700italic|font_style:300%20light%20regular%3A300%3Anormal&#8221; el_id=&#8221;ID_16039114845f99bf3c45315&#8243; font_container=&#8221;font_size:17|color:%23063c58|line_height:25px&#8221; css=&#8221;.vc_custom_1603911488801{padding-right: 20% !important;padding-left: 20% !important;}&#8221; el_class=&#8221;averia&#8221;]<\/p>\n<p style=\"text-align: center;\">Conoce la ubicaci\u00f3n exacta de tu carga<br \/>\nen todo momento gracias a nuestro sofisticado sistema de localizaci\u00f3n v\u00eda sat\u00e9lite. Nuestra flota est\u00e1 equipada con las herramientas de comunicaci\u00f3n para solucionar cualquier situaci\u00f3n, reducir riesgos y garantizar seguridad.[\/vc_column_text][\/vc_column][vc_column css_animation=&#8221;slideInRight&#8221; width=&#8221;1\/2&#8243; css=&#8221;.vc_custom_1626796398242{background-image: url(https:\/\/www.frioexpress.com\/site\/wp-content\/uploads\/2020\/11\/002.gif?id=554) !important;background-position: center !important;background-repeat: no-repeat !important;background-size: cover !important;}&#8221;][vc_empty_space height=&#8221;660px&#8221;][\/vc_column][\/vc_row][vc_row equal_height=&#8221;yes&#8221; content_placement=&#8221;middle&#8221; css_animation=&#8221;fadeIn&#8221; css=&#8221;.vc_custom_1604007446997{background-position: center !important;background-repeat: no-repeat !important;background-size: cover !important;}&#8221; el_class=&#8221;vc_hidden-md vc_hidden-lg&#8221;][vc_column css_animation=&#8221;slideInLeft&#8221; css=&#8221;.vc_custom_1603904916805{background-color: #e8f5fb !important;}&#8221;][vc_column_text google_fonts=&#8221;font_family:Karla%3Aregular%2Citalic%2C700%2C700italic|font_style:700%20bold%20regular%3A700%3Anormal&#8221; el_id=&#8221;ID_16040076955f9b370f0bb83&#8243; el_class=&#8221;karla&#8221; font_container=&#8221;font_size:35|color:%23063c58&#8243;]<\/p>\n<p style=\"text-align: center;\"><span style=\"font-weight: bold;\">LOCALIZACI\u00d3N SATELITAL<\/span><\/p>\n<p>[\/vc_column_text][vc_empty_space height=&#8221;5vh&#8221;][vc_column_text google_fonts=&#8221;font_family:Averia%20Serif%20Libre%3A300%2C300italic%2Cregular%2Citalic%2C700%2C700italic|font_style:300%20light%20regular%3A300%3Anormal&#8221; el_id=&#8221;ID_16039114845f99bf3c45315&#8243; font_container=&#8221;font_size:17|color:%23063c58|line_height:25px&#8221; css=&#8221;.vc_custom_1603911488801{padding-right: 20% !important;padding-left: 20% !important;}&#8221; el_class=&#8221;averia&#8221;]<\/p>\n<p style=\"text-align: center;\">Conoce la ubicaci\u00f3n exacta de tu carga<br \/>\nen todo momento gracias a nuestro sofisticado sistema de localizaci\u00f3n v\u00eda sat\u00e9lite. Nuestra flota est\u00e1 equipada con las herramientas de comunicaci\u00f3n para solucionar cualquier situaci\u00f3n, reducir riesgos y garantizar seguridad.[\/vc_column_text][vc_empty_space height=&#8221;5vh&#8221;][\/vc_column][\/vc_row][vc_row el_class=&#8221;vc_hidden-md vc_hidden-lg&#8221;][vc_column css=&#8221;.vc_custom_1604008302086{margin-top: 0px !important;margin-right: 0px !important;margin-bottom: 0px !important;margin-left: 0px !important;padding-top: 0px !important;padding-right: 0px !important;padding-bottom: 0px !important;padding-left: 0px !important;}&#8221;][vc_single_image image=&#8221;554&#8243; img_size=&#8221;full&#8221; alignment=&#8221;center&#8221; el_id=&#8221;ID_16063287315fbea19b8308a&#8221; css=&#8221;.vc_custom_1606328736913{margin-top: 0px !important;margin-right: 0px !important;margin-bottom: 0px !important;margin-left: 0px !important;padding-top: 0px !important;padding-right: 0px !important;padding-bottom: 0px !important;padding-left: 0px !important;}&#8221;][\/vc_column][\/vc_row][vc_row equal_height=&#8221;yes&#8221; content_placement=&#8221;middle&#8221; css_animation=&#8221;fadeIn&#8221; el_class=&#8221;vc_hidden-sm vc_hidden-xs&#8221;][vc_column css_animation=&#8221;slideInLeft&#8221; width=&#8221;1\/2&#8243; css=&#8221;.vc_custom_1603929023843{background-color: #ffffff !important;background-position: center !important;background-repeat: no-repeat !important;background-size: contain !important;}&#8221;][vc_single_image image=&#8221;1209&#8243; img_size=&#8221;660px&#8221; el_id=&#8221;ID_1653502294628e715661ee4&#8243; css=&#8221;.vc_custom_1653502362060{border-right-width: 5px !important;border-left-width: 5px !important;padding-right: 19px !important;padding-left: 19px !important;}&#8221;][vc_single_image img_size=&#8221;full&#8221; alignment=&#8221;center&#8221; el_id=&#8221;ID_1653320094628ba99e93d24&#8243; css=&#8221;.vc_custom_1653320115505{background-image: url(https:\/\/www.frioexpress.com\/site\/wp-content\/uploads\/2022\/05\/Rastreo-y-monitoreo-satelital-1.gif?id=1138) !important;}&#8221;][\/vc_column][vc_column css_animation=&#8221;slideInRight&#8221; width=&#8221;1\/2&#8243; css=&#8221;.vc_custom_1603904966876{background-color: #e8f5fb !important;}&#8221;][vc_custom_heading text=&#8221;TECNOLOG\u00cdA Y SEGURIDAD&#8221; font_container=&#8221;tag:h2|font_size:35|text_align:center|color:%23063c58&#8243; google_fonts=&#8221;font_family:Karla%3Aregular%2Citalic%2C700%2C700italic|font_style:700%20bold%20regular%3A700%3Anormal&#8221; el_id=&#8221;ID_16037576795f97666f785ae&#8221; font_container_tabled=&#8221;text_align:left&#8221; font_container_mobil=&#8221;text_align:left&#8221; el_class=&#8221;karla&#8221;][vc_empty_space height=&#8221;5vh&#8221;][vc_column_text google_fonts=&#8221;font_family:Averia%20Serif%20Libre%3A300%2C300italic%2Cregular%2Citalic%2C700%2C700italic|font_style:300%20light%20regular%3A300%3Anormal&#8221; el_id=&#8221;ID_16039114945f99bf46e7191&#8243; font_container=&#8221;font_size:17%20|color:%23063c58|line_height:25px&#8221; css=&#8221;.vc_custom_1603911499457{padding-right: 20% !important;padding-left: 20% !important;}&#8221; el_class=&#8221;averia&#8221;]<\/p>\n<p style=\"text-align: center;\">Conocemos la ubicaci\u00f3n exacta de los veh\u00edculos en todo momento, mediante nuestro sofisticado sistema de localizaci\u00f3n v\u00eda sat\u00e9lite instalado en toda la flota que a su vez permite establecer comunicaci\u00f3n con el conductor para solucionar con prontitud cualquier problema que pudiera surgir durante el trayecto, garantizando la seguridad de la carga.<\/p>\n<p>[\/vc_column_text][\/vc_column][\/vc_row][vc_row equal_height=&#8221;yes&#8221; content_placement=&#8221;middle&#8221; css_animation=&#8221;fadeIn&#8221; el_class=&#8221;vc_hidden-md vc_hidden-lg&#8221;][vc_column css_animation=&#8221;slideInLeft&#8221; css=&#8221;.vc_custom_1614726335722{background-color: #e8f5fb !important;background-position: center !important;background-repeat: no-repeat !important;background-size: contain !important;}&#8221;][vc_column_text google_fonts=&#8221;font_family:Karla%3Aregular%2Citalic%2C700%2C700italic|font_style:700%20bold%20regular%3A700%3Anormal&#8221; el_id=&#8221;ID_16040076785f9b36fe27b6d&#8221; el_class=&#8221;karla&#8221; font_container=&#8221;font_size:35|color:%23063c58&#8243;]<\/p>\n<p style=\"text-align: center;\"><span style=\"font-weight: bold;\">TECNOLOG\u00cdA Y SEGURIDAD<\/span><\/p>\n<p>[\/vc_column_text][vc_empty_space height=&#8221;5vh&#8221;][vc_column_text google_fonts=&#8221;font_family:Averia%20Serif%20Libre%3A300%2C300italic%2Cregular%2Citalic%2C700%2C700italic|font_style:300%20light%20regular%3A300%3Anormal&#8221; el_id=&#8221;ID_16039114945f99bf46e7191&#8243; font_container=&#8221;font_size:17%20|color:%23063c58|line_height:25px&#8221; css=&#8221;.vc_custom_1603911499457{padding-right: 20% !important;padding-left: 20% !important;}&#8221; el_class=&#8221;averia&#8221;]<\/p>\n<p style=\"text-align: center;\">Conocemos la ubicaci\u00f3n exacta de los veh\u00edculos en todo momento, mediante nuestro sofisticado sistema de localizaci\u00f3n v\u00eda sat\u00e9lite instalado en toda la flota que a su vez permite establecer comunicaci\u00f3n con el conductor para solucionar con prontitud cualquier problema que pudiera surgir durante el trayecto, garantizando la seguridad de la carga.<\/p>\n<p>[\/vc_column_text][vc_empty_space height=&#8221;5vh&#8221;][\/vc_column][\/vc_row][vc_row equal_height=&#8221;yes&#8221; content_placement=&#8221;middle&#8221; css_animation=&#8221;fadeIn&#8221; el_class=&#8221;vc_hidden-md vc_hidden-lg&#8221;][vc_column css_animation=&#8221;slideInLeft&#8221; css=&#8221;.vc_custom_1614727538198{background-color: #ffffff !important;background-position: center !important;background-repeat: no-repeat !important;background-size: contain !important;}&#8221;][vc_single_image image=&#8221;763&#8243; img_size=&#8221;full&#8221; alignment=&#8221;center&#8221; el_id=&#8221;ID_1613666160602e97702015d&#8221;][\/vc_column][\/vc_row][vc_row parallax=&#8221;content-moving&#8221; css_animation=&#8221;fadeIn&#8221;][vc_column css=&#8221;.vc_custom_1603491900551{margin-top: 0px !important;margin-right: 0px !important;margin-bottom: 0px !important;margin-left: 0px !important;padding-top: 0px !important;padding-right: 0px !important;padding-bottom: 0px !important;padding-left: 0px !important;}&#8221;][vc_single_image image=&#8221;107&#8243; img_size=&#8221;full&#8221; alignment=&#8221;center&#8221; el_id=&#8221;ID_16034918795f935827992b6&#8243;][\/vc_column][\/vc_row]<\/p>\n","protected":false},"excerpt":{"rendered":"<p>[vc_row awb_type=&#8221;video&#8221; awb_stretch=&#8221;1&#8243; css=&#8221;.vc_custom_1626464485519{margin-top: 0px !important;margin-right: 0px !important;margin-bottom: 0px !important;margin-left: 0px !important;padding-top: 0px !important;padding-right: 0px !important;padding-bottom: 0px !important;padding-left: 0px !important;background-position: center !important;background-repeat: no-repeat !important;background-size: cover<\/p>\n","protected":false},"author":1,"featured_media":0,"parent":0,"menu_order":0,"comment_status":"closed","ping_status":"closed","template":"","meta":{"om_disable_all_campaigns":false,"_monsterinsights_skip_tracking":false,"_monsterinsights_sitenote_active":false,"_monsterinsights_sitenote_note":"","_monsterinsights_sitenote_category":0},"aioseo_notices":[],"_links":{"self":[{"href":"https:\/\/www.frioexpress.com\/site\/wp-json\/wp\/v2\/pages\/4"}],"collection":[{"href":"https:\/\/www.frioexpress.com\/site\/wp-json\/wp\/v2\/pages"}],"about":[{"href":"https:\/\/www.frioexpress.com\/site\/wp-json\/wp\/v2\/types\/page"}],"author":[{"embeddable":true,"href":"https:\/\/www.frioexpress.com\/site\/wp-json\/wp\/v2\/users\/1"}],"replies":[{"embeddable":true,"href":"https:\/\/www.frioexpress.com\/site\/wp-json\/wp\/v2\/comments?post=4"}],"version-history":[{"count":212,"href":"https:\/\/www.frioexpress.com\/site\/wp-json\/wp\/v2\/pages\/4\/revisions"}],"predecessor-version":[{"id":1288,"href":"https:\/\/www.frioexpress.com\/site\/wp-json\/wp\/v2\/pages\/4\/revisions\/1288"}],"wp:attachment":[{"href":"https:\/\/www.frioexpress.com\/site\/wp-json\/wp\/v2\/media?parent=4"}],"curies":[{"name":"wp","href":"https:\/\/api.w.org\/{rel}","templated":true}]}}