{"id":9,"date":"2020-10-21T11:48:19","date_gmt":"2020-10-21T16:48:19","guid":{"rendered":"http:\/\/clientes.grupoendor.com\/frioexpress\/?page_id=9"},"modified":"2024-04-11T09:59:54","modified_gmt":"2024-04-11T15:59:54","slug":"nosotros","status":"publish","type":"page","link":"https:\/\/www.frioexpress.com\/site\/nosotros\/","title":{"rendered":"Nosotros"},"content":{"rendered":"<p>[vc_row full_height=&#8221;yes&#8221; content_placement=&#8221;middle&#8221; css=&#8221;.vc_custom_1626799717246{background-image: url(https:\/\/www.frioexpress.com\/site\/wp-content\/uploads\/2020\/10\/Group-61.png?id=143) !important;background-position: center !important;background-repeat: no-repeat !important;background-size: cover !important;}&#8221; el_class=&#8221;vc_hidden-sm vc_hidden-xs&#8221;][vc_column width=&#8221;1\/3&#8243;][\/vc_column][vc_column width=&#8221;1\/3&#8243;][vc_column_text use_theme_fonts=&#8221;yes&#8221; el_id=&#8221;ID_1613684363602ede8bea334&#8243; font_container=&#8221;font_size:35|color:%23ffffff&#8221; css=&#8221;.vc_custom_1613684374419{padding-top: 2% !important;padding-right: 10% !important;padding-bottom: 2% !important;padding-left: 10% !important;background-color: rgba(255,255,255,0.55) !important;*background-color: rgb(255,255,255) !important;}&#8221;]<\/p>\n<h1 style=\"text-align: center;\">FILOSOF\u00cdA EMPRESARIAL<\/h1>\n<p>[\/vc_column_text][\/vc_column][vc_column width=&#8221;1\/3&#8243;][\/vc_column][\/vc_row][vc_row content_placement=&#8221;middle&#8221; css=&#8221;.vc_custom_1626799733954{background-image: url(https:\/\/www.frioexpress.com\/site\/wp-content\/uploads\/2020\/10\/Group-61.png?id=143) !important;background-position: center !important;background-repeat: no-repeat !important;background-size: cover !important;}&#8221; el_class=&#8221;vc_hidden-md vc_hidden-lg&#8221;][vc_column width=&#8221;1\/6&#8243;][\/vc_column][vc_column width=&#8221;2\/3&#8243;][vc_empty_space height=&#8221;12.5vh&#8221;][vc_column_text use_theme_fonts=&#8221;yes&#8221; el_id=&#8221;ID_1614727592603ec9a82c05d&#8221; font_container=&#8221;font_size:35|color:%23ffffff&#8221; css=&#8221;.vc_custom_1614727606405{padding-top: 2% !important;padding-bottom: 2% !important;background-color: rgba(255,255,255,0.55) !important;*background-color: rgb(255,255,255) !important;}&#8221;]<\/p>\n<h1 style=\"text-align: center;\"><span style=\"font-size: 30px;\">FILOSOF\u00cdA EMPRESARIAL<\/span><\/h1>\n<p>[\/vc_column_text][vc_empty_space height=&#8221;12.5vh&#8221;][\/vc_column][vc_column width=&#8221;1\/6&#8243;][\/vc_column][\/vc_row][vc_row][vc_column][vc_empty_space height=&#8221;5vh&#8221;][vc_btn title=&#8221;\u00a1CONT\u00c1CTANOS!&#8221; style=&#8221;flat&#8221; shape=&#8221;square&#8221; size=&#8221;lg&#8221; align=&#8221;center&#8221; link=&#8221;url:https%3A%2F%2Fwww.frioexpress.com%2Fsite%2Fcotizador%2F|title:Cotizador||&#8221;][vc_empty_space height=&#8221;5vh&#8221;][\/vc_column][\/vc_row][vc_row el_class=&#8221;vc_hidden-sm vc_hidden-xs&#8221;][vc_column css_animation=&#8221;fadeInDown&#8221;][vc_row_inner][vc_column_inner width=&#8221;1\/3&#8243;][\/vc_column_inner][vc_column_inner width=&#8221;1\/3&#8243;][vc_column_text google_fonts=&#8221;font_family:Averia%20Serif%20Libre%3A300%2C300italic%2Cregular%2Citalic%2C700%2C700italic|font_style:300%20light%20regular%3A300%3Anormal&#8221; el_id=&#8221;ID_16039141005f99c97465dd7&#8243; font_container=&#8221;font_size:17|color:%23063c58|line_height:20px&#8221; el_class=&#8221;averia&#8221;]<\/p>\n<p style=\"text-align: center;\">Frio Express es una empresa fruto de una tradici\u00f3n familiar que se remonta a varias generaciones, donde nos hemos preocupado por hacer nuestras las necesidades espec\u00edficas de nuestros clientes.<\/p>\n<p>[\/vc_column_text][\/vc_column_inner][vc_column_inner width=&#8221;1\/3&#8243;][\/vc_column_inner][\/vc_row_inner][vc_empty_space height=&#8221;8vh&#8221;][\/vc_column][\/vc_row][vc_row el_class=&#8221;vc_hidden-md vc_hidden-lg&#8221;][vc_column css_animation=&#8221;fadeInDown&#8221;][vc_row_inner][vc_column_inner][vc_column_text google_fonts=&#8221;font_family:Averia%20Serif%20Libre%3A300%2C300italic%2Cregular%2Citalic%2C700%2C700italic|font_style:300%20light%20regular%3A300%3Anormal&#8221; el_id=&#8221;ID_16039141005f99c97465dd7&#8243; font_container=&#8221;font_size:17|color:%23063c58|line_height:20px&#8221; el_class=&#8221;averia&#8221;]<\/p>\n<p style=\"text-align: center;\">Frio Express es una empresa fruto de una tradici\u00f3n familiar que se remonta a varias generaciones, donde nos hemos preocupado por hacer nuestras las necesidades espec\u00edficas de nuestros clientes.<\/p>\n<p>[\/vc_column_text][\/vc_column_inner][\/vc_row_inner][vc_empty_space height=&#8221;8vh&#8221;][\/vc_column][\/vc_row][vc_row content_placement=&#8221;middle&#8221; css=&#8221;.vc_custom_1604008069308{background-position: center !important;background-repeat: no-repeat !important;background-size: cover !important;}&#8221; el_class=&#8221;vc_hidden-sm vc_hidden-xs&#8221;][vc_column css_animation=&#8221;zoomIn&#8221; css=&#8221;.vc_custom_1604003358239{margin-right: 25% !important;margin-left: 25% !important;padding-top: 1% !important;padding-bottom: 1% !important;background-color: #e8f5fb !important;}&#8221;][vc_custom_heading text=&#8221;NUESTRA HISTORIA&#8221; font_container=&#8221;tag:h2|font_size:20|text_align:center|color:%23063c58|line_height:25px&#8221; google_fonts=&#8221;font_family:Karla%3Aregular%2Citalic%2C700%2C700italic|font_style:700%20bold%20regular%3A700%3Anormal&#8221; el_id=&#8221;ID_16039230895f99ec91765a3&#8243; font_container_tabled=&#8221;text_align:left&#8221; font_container_mobil=&#8221;text_align:left&#8221; el_class=&#8221;karla&#8221;][vc_empty_space height=&#8221;2vh&#8221;][vc_column_text google_fonts=&#8221;font_family:Averia%20Serif%20Libre%3A300%2C300italic%2Cregular%2Citalic%2C700%2C700italic|font_style:300%20light%20regular%3A300%3Anormal&#8221; el_id=&#8221;ID_16039141055f99c979269f6&#8243; font_container=&#8221;font_size:17|color:%23063c58|line_height:25px&#8221; el_class=&#8221;averia&#8221;]<\/p>\n<p style=\"text-align: center;\">Nuestra empresa nace en 1980 como respuesta a la creciente demanda de servicio con altos est\u00e1ndares de calidad para el transporte de productos perecederos de exportaci\u00f3n. Desde entonces, nuestra filosof\u00eda es dar cumplimiento total a las expectativas de nuestros clientes y ser la alternativa m\u00e1s confiable para el transporte de productos, lo que nos ha convertido en una de las empresas m\u00e1s reconocidas a nivel nacional e internacional por los est\u00e1ndares de seguridad y calidad de nuestro servicio.<\/p>\n<p>[\/vc_column_text][\/vc_column][\/vc_row][vc_row content_placement=&#8221;middle&#8221; css=&#8221;.vc_custom_1604011742003{background-position: center !important;background-repeat: no-repeat !important;background-size: cover !important;}&#8221; el_class=&#8221;vc_hidden-md vc_hidden-lg&#8221;][vc_column css_animation=&#8221;zoomIn&#8221; css=&#8221;.vc_custom_1604008140270{margin-right: 10% !important;margin-left: 10% !important;padding-top: 1% !important;padding-bottom: 1% !important;background-color: #e8f5fb !important;}&#8221;][vc_column_text google_fonts=&#8221;font_family:Karla%3Aregular%2Citalic%2C700%2C700italic|font_style:400%20regular%3A400%3Anormal&#8221; el_id=&#8221;ID_16040080795f9b388fb3aa1&#8243; font_container=&#8221;font_size:20|color:%23063c58|line_height:25px&#8221; el_class=&#8221;karla&#8221;]<\/p>\n<h2 style=\"text-align: center;\">NUESTRA HISTORIA<\/h2>\n<p>[\/vc_column_text][vc_empty_space height=&#8221;2vh&#8221;][vc_column_text google_fonts=&#8221;font_family:Averia%20Serif%20Libre%3A300%2C300italic%2Cregular%2Citalic%2C700%2C700italic|font_style:300%20light%20regular%3A300%3Anormal&#8221; el_id=&#8221;ID_16039141055f99c979269f6&#8243; font_container=&#8221;font_size:17|color:%23063c58|line_height:25px&#8221; el_class=&#8221;averia&#8221;]<\/p>\n<p style=\"text-align: center;\">Nuestra empresa nace en 1980 como respuesta a la creciente demanda de servicio con altos est\u00e1ndares de calidad para el transporte de productos perecederos de exportaci\u00f3n. Desde entonces, nuestra filosof\u00eda es dar cumplimiento total a las expectativas de nuestros clientes y ser la alternativa m\u00e1s confiable para el transporte de productos, lo que nos ha convertido en una de las empresas m\u00e1s reconocidas a nivel nacional e internacional por los est\u00e1ndares de seguridad y calidad de nuestro servicio.<\/p>\n<p>[\/vc_column_text][\/vc_column][\/vc_row][vc_row][vc_column css_animation=&#8221;zoomIn&#8221;][vc_empty_space height=&#8221;10vh&#8221;][vc_row_inner equal_height=&#8221;yes&#8221; content_placement=&#8221;top&#8221;][vc_column_inner width=&#8221;1\/12&#8243;][\/vc_column_inner][vc_column_inner width=&#8221;3\/12&#8243;][vc_empty_space height=&#8221;4vh&#8221;][vc_custom_heading text=&#8221;MISI\u00d3N&#8221; font_container=&#8221;tag:h2|font_size:20|text_align:center|color:%23063c58|line_height:25px&#8221; google_fonts=&#8221;font_family:Karla%3Aregular%2Citalic%2C700%2C700italic|font_style:700%20bold%20regular%3A700%3Anormal&#8221; css_animation=&#8221;none&#8221; el_id=&#8221;ID_16040032615f9b25bd77a05&#8243; font_container_tabled=&#8221;text_align:left&#8221; font_container_mobil=&#8221;text_align:left&#8221; el_class=&#8221;karlabold&#8221;][vc_empty_space height=&#8221;2vh&#8221;][vc_column_text google_fonts=&#8221;font_family:Averia%20Serif%20Libre%3A300%2C300italic%2Cregular%2Citalic%2C700%2C700italic|font_style:300%20light%20regular%3A300%3Anormal&#8221; el_id=&#8221;ID_16039141105f99c97e3b5ec&#8221; font_container=&#8221;font_size:17|color:%23063c58|line_height:25PX&#8221; css=&#8221;.vc_custom_1603914113404{padding-right: 10% !important;padding-left: 10% !important;}&#8221; el_class=&#8221;averia&#8221;]<\/p>\n<p style=\"text-align: left;\">Proporcionar soluciones integrales a los requerimientos de transporte y log\u00edstica de nuestros clientes, satisfaciendo sus expectativas con calidad y confiabilidad e integrando el mejor equipo humano y la tecnolog\u00eda de vanguardia en el sector.<\/p>\n<p>[\/vc_column_text][\/vc_column_inner][vc_column_inner width=&#8221;1\/3&#8243;][vc_empty_space height=&#8221;4vh&#8221;][vc_custom_heading text=&#8221;VISI\u00d3N&#8221; font_container=&#8221;tag:h2|font_size:20|text_align:center|color:%23063c58|line_height:25px&#8221; google_fonts=&#8221;font_family:Karla%3Aregular%2Citalic%2C700%2C700italic|font_style:700%20bold%20regular%3A700%3Anormal&#8221; css_animation=&#8221;none&#8221; el_id=&#8221;ID_16040032695f9b25c563841&#8243; font_container_tabled=&#8221;text_align:left&#8221; font_container_mobil=&#8221;text_align:left&#8221; el_class=&#8221;karlabold&#8221;][vc_empty_space height=&#8221;2vh&#8221;][vc_column_text google_fonts=&#8221;font_family:Averia%20Serif%20Libre%3A300%2C300italic%2Cregular%2Citalic%2C700%2C700italic|font_style:300%20light%20regular%3A300%3Anormal&#8221; el_id=&#8221;ID_16039141135f99c981b3284&#8243; font_container=&#8221;font_size:17|color:%23063c58|line_height:25PX&#8221; css=&#8221;.vc_custom_1603914117033{padding-right: 10% !important;padding-left: 10% !important;}&#8221; el_class=&#8221;averia&#8221;]<\/p>\n<p style=\"text-align: left;\">Ser reconocidos por nuestros clientes, proveedores y competidores como la mejor opci\u00f3n de transporte y log\u00edstica. Ser una empresa financieramente sana, rentable, con capacidad de crecimiento sostenido y una cartera diversificada de calidad. Ser una empresa institucional, profesional y en control, atractiva para trabajar, segura y eficiente en todos sus procesos.<\/p>\n<p>[\/vc_column_text][\/vc_column_inner][vc_column_inner width=&#8221;1\/12&#8243;][\/vc_column_inner][vc_column_inner width=&#8221;2\/12&#8243;][vc_empty_space height=&#8221;4vh&#8221;][vc_custom_heading text=&#8221;VALORES&#8221; font_container=&#8221;tag:h2|font_size:20|text_align:center|color:%23063c58|line_height:25px&#8221; google_fonts=&#8221;font_family:Karla%3Aregular%2Citalic%2C700%2C700italic|font_style:700%20bold%20regular%3A700%3Anormal&#8221; css_animation=&#8221;none&#8221; el_id=&#8221;ID_16040032735f9b25c941ca3&#8243; font_container_tabled=&#8221;text_align:left&#8221; font_container_mobil=&#8221;text_align:left&#8221; el_class=&#8221;karlabold&#8221;][vc_empty_space height=&#8221;2vh&#8221;][vc_column_text google_fonts=&#8221;font_family:Averia%20Serif%20Libre%3A300%2C300italic%2Cregular%2Citalic%2C700%2C700italic|font_style:300%20light%20regular%3A300%3Anormal&#8221; el_id=&#8221;ID_1712851149661808cdba0e5&#8243; font_container=&#8221;font_size:17|color:%23063c58|line_height:25PX&#8221; css=&#8221;.vc_custom_1712851188692{margin-left: 10% !important;}&#8221; el_class=&#8221;averia&#8221;]<\/p>\n<ul>\n<li>SERVICIO<\/li>\n<li>Honestidad<\/li>\n<li>Comunicaci\u00f3n<\/li>\n<li>Seguridad<\/li>\n<li>Respeto<\/li>\n<li>Responsabilidad<\/li>\n<li>Confianza<\/li>\n<li>Innovaci\u00f3n<\/li>\n<\/ul>\n<p>&nbsp;<\/p>\n<p>[\/vc_column_text][\/vc_column_inner][vc_column_inner width=&#8221;1\/12&#8243;][\/vc_column_inner][\/vc_row_inner][vc_empty_space height=&#8221;10vh&#8221;][\/vc_column][\/vc_row][vc_row equal_height=&#8221;yes&#8221; content_placement=&#8221;middle&#8221;][vc_column css_animation=&#8221;slideInLeft&#8221; width=&#8221;1\/4&#8243; css=&#8221;.vc_custom_1603924755103{margin-top: 0px !important;margin-right: 0px !important;margin-bottom: 0px !important;margin-left: 0px !important;padding-top: 0px !important;padding-right: 0px !important;padding-bottom: 0px !important;padding-left: 0px !important;}&#8221;][vc_single_image image=&#8221;673&#8243; img_size=&#8221;medium&#8221; alignment=&#8221;center&#8221; el_id=&#8221;ID_1613503305602c1b49e943c&#8221;][\/vc_column][vc_column width=&#8221;1\/4&#8243;][vc_single_image image=&#8221;633&#8243; img_size=&#8221;large&#8221; alignment=&#8221;center&#8221; el_id=&#8221;ID_1613503300602c1b443ebbc&#8221;][\/vc_column][vc_column width=&#8221;1\/4&#8243;][vc_single_image image=&#8221;634&#8243; img_size=&#8221;large&#8221; alignment=&#8221;center&#8221; el_id=&#8221;ID_1613503311602c1b4f81edb&#8221;][\/vc_column][vc_column width=&#8221;1\/4&#8243;][vc_single_image image=&#8221;637&#8243; img_size=&#8221;large&#8221; alignment=&#8221;center&#8221; el_id=&#8221;ID_1613503318602c1b5633a0b&#8221;][\/vc_column][\/vc_row][vc_row][vc_column][vc_empty_space height=&#8221;5vh&#8221;][\/vc_column][\/vc_row]<\/p>\n","protected":false},"excerpt":{"rendered":"<p>[vc_row full_height=&#8221;yes&#8221; content_placement=&#8221;middle&#8221; css=&#8221;.vc_custom_1626799717246{background-image: url(https:\/\/www.frioexpress.com\/site\/wp-content\/uploads\/2020\/10\/Group-61.png?id=143) !important;background-position: center !important;background-repeat: no-repeat !important;background-size: cover !important;}&#8221; el_class=&#8221;vc_hidden-sm vc_hidden-xs&#8221;][vc_column width=&#8221;1\/3&#8243;][\/vc_column][vc_column width=&#8221;1\/3&#8243;][vc_column_text use_theme_fonts=&#8221;yes&#8221; el_id=&#8221;ID_1613684363602ede8bea334&#8243; font_container=&#8221;font_size:35|color:%23ffffff&#8221; css=&#8221;.vc_custom_1613684374419{padding-top: 2% !important;padding-right: 10% !important;padding-bottom: 2%<\/p>\n","protected":false},"author":1,"featured_media":0,"parent":0,"menu_order":0,"comment_status":"closed","ping_status":"closed","template":"","meta":{"om_disable_all_campaigns":false,"_monsterinsights_skip_tracking":false,"_monsterinsights_sitenote_active":false,"_monsterinsights_sitenote_note":"","_monsterinsights_sitenote_category":0},"aioseo_notices":[],"_links":{"self":[{"href":"https:\/\/www.frioexpress.com\/site\/wp-json\/wp\/v2\/pages\/9"}],"collection":[{"href":"https:\/\/www.frioexpress.com\/site\/wp-json\/wp\/v2\/pages"}],"about":[{"href":"https:\/\/www.frioexpress.com\/site\/wp-json\/wp\/v2\/types\/page"}],"author":[{"embeddable":true,"href":"https:\/\/www.frioexpress.com\/site\/wp-json\/wp\/v2\/users\/1"}],"replies":[{"embeddable":true,"href":"https:\/\/www.frioexpress.com\/site\/wp-json\/wp\/v2\/comments?post=9"}],"version-history":[{"count":54,"href":"https:\/\/www.frioexpress.com\/site\/wp-json\/wp\/v2\/pages\/9\/revisions"}],"predecessor-version":[{"id":1287,"href":"https:\/\/www.frioexpress.com\/site\/wp-json\/wp\/v2\/pages\/9\/revisions\/1287"}],"wp:attachment":[{"href":"https:\/\/www.frioexpress.com\/site\/wp-json\/wp\/v2\/media?parent=9"}],"curies":[{"name":"wp","href":"https:\/\/api.w.org\/{rel}","templated":true}]}}